{"id":364,"date":"2023-03-16T10:53:15","date_gmt":"2023-03-16T09:53:15","guid":{"rendered":"https:\/\/albertadria.com\/shop\/?page_id=364"},"modified":"2023-03-16T11:21:25","modified_gmt":"2023-03-16T10:21:25","slug":"conditions-of-use","status":"publish","type":"page","link":"https:\/\/albertadria.com\/shop\/es\/conditions-of-use\/","title":{"rendered":"Condiciones de uso web"},"content":{"rendered":"<p>Los presentes t\u00e9rminos y <strong>condiciones de Uso, y Pol\u00edtica de Privacidad<\/strong>, regulan el uso seg\u00fan la ley 34\/2002 de 11 de julio de Servicios de la Sociedad de la Informaci\u00f3n y de Comercio Electr\u00f3nico de los <strong>SITIOS WEB<\/strong>: <a href=\"https:\/\/www.albertadria.com\">https:\/\/www.albertadria.com<\/a>, de la que, <strong>Albert Adria Projectes S.L<\/strong>, en adelante, <strong>ALBERT ADRI\u00c0 BOOKS<\/strong>, con <strong>NIF:B-61741161<\/strong>, con Domicilio en: <strong>CARMEN, 31, 2o 1a<\/strong>, C\u00f3digo Postal: <strong>08001<\/strong>, Localidad: <strong>BARCELONA<\/strong>, Provincia: <strong>BARCELONA<\/strong>, es titular.<\/p>\n<h2>1. INFORMACI\u00d3N SOBRE LA WEB:<\/h2>\n<p>A trav\u00e9s de su <strong>SITIO WEB<\/strong> <a href=\"https:\/\/albertadria.com\">www.albertadria.com<\/a>, de la que es titular y administrador <strong>ALBERT ADRI\u00c0 BOOKS<\/strong> de la comercializaci\u00f3n y venta online de libros de gastronom\u00eda.<\/p>\n<h3>1.1. PUBLICIDAD EN LA WEB:<\/h3>\n<p>La Web <a href=\"https:\/\/albertadria.com\">www.albertadria.com<\/a> podr\u00e1 albergar contenidos publicitarios o patrocinados. Los anunciantes o patrocinadores son los \u00fanicos responsables de asegurarse que el material remitido para su inclusi\u00f3n en la Web cumple con las leyes que en cada caso puedan ser de aplicaci\u00f3n, <strong>ALBERT ADRI\u00c0 BOOKS<\/strong>, no ser\u00e1 responsable de cualquier error, inexactitud o irregularidad que puedan contener los contenidos publicitarios o de los patrocinadores.<\/p>\n<h2>2. DISPONIBILIDAD DE LA WEB:<\/h2>\n<p>El administrador de la p\u00e1gina web har\u00e1 todo lo posible para resolver todas las dudas y gestiones solicitadas a todos los <strong>USUARIOS<\/strong> en la mayor brevedad posible en la demanda de las consultas.<\/p>\n<p>Sin embargo, en ocasiones, y por causas dif\u00edcilmente controlables por el administrador de la p\u00e1gina web como, errores humanos o incidencias en los sistemas inform\u00e1ticos, es posible que la rapidez finalmente servida a los <strong>USUARIOS<\/strong> no sea la adecuada para realizar la gesti\u00f3n de los pedidos solicitados.<\/p>\n<p>Para el caso de que la gesti\u00f3n de la venta no est\u00e9 disponible o no se pudiera llegar a finalizar el proceso de compra, despu\u00e9s de haber realizado el pedido en el formulario de registro el <strong>USUARIO<\/strong> ser\u00e1 informado por correo electr\u00f3nico de la anulaci\u00f3n total de \u00e9ste.<\/p>\n<h2>3. SEGURIDAD WEB:<\/h2>\n<p>El administrador de la p\u00e1gina web, tiene las m\u00e1ximas medidas de seguridad comercialmente disponibles en el sector. El servidor seguro establece una conexi\u00f3n de modo que la informaci\u00f3n se transmite cifrada mediante algoritmos de 128 bits a 256 bits que aseguran que s\u00f3lo sea inteligible y comprensible por dispositivo del <strong>USUARIO<\/strong> y el del <strong>SITIO WEB<\/strong> de esta forma al utilizar el protocolo SSL \u201cSecure Socket Layer\u201d el predecesor del protocolo TLS \u201cTransport Layer Security\u201d que se trata de protocolos criptogr\u00e1ficos que proporcionan privacidad e integridad en las comunicaciones seguras por una red de comunicaci\u00f3n, com\u00fanmente internet, que garantiza que la informaci\u00f3n transmitida por dicha red no pueda ser interceptada ni modificada por elementos no autorizados, garantizando que solo los emisores y los receptores leg\u00edtimos sean los que tengan acceso a la comunicaci\u00f3n de manera \u00edntegra de la cual se garantiza:<\/p>\n<p>Que el <strong>USUARIO<\/strong>, est\u00e1 comunicando sus datos al centro servidor del administrador de la p\u00e1gina web y no a cualquier otro que intentara hacerse pasar por \u00e9ste.<\/p>\n<p>Que entre el <strong>USUARIO<\/strong>, y el centro servidor del administrador de la p\u00e1gina web los datos se transmiten cifrados, evitando su posible lectura o manipulaci\u00f3n por terceros.<\/p>\n<h2>4. ACCESO Y ESTANCIA EN LA WEB<\/h2>\n<h3>4.1. NUESTROS CONTENIDOS:<\/h3>\n<p>Los <strong>USUARIOS<\/strong> son \u00edntegramente responsables de su conducta, al acceder a la informaci\u00f3n del <strong>SITIO WEB<\/strong> mientras naveguen en la misma as\u00ed, como despu\u00e9s de haber accedido.<\/p>\n<p>Como consecuencia de ello los <strong>USUARIOS<\/strong> son los \u00fanicos responsables ante el administrador de la p\u00e1gina web y terceros de:<\/p>\n<p>1.- Las consecuencias que se puedan derivar de una utilizaci\u00f3n, con fines o efectos il\u00edcitos o contrarios al presente documento, de cualquier contenido del <strong>SITIO WEB<\/strong> elaborado o no por el administrador de la p\u00e1gina web, publicado o no bajo su nombre de forma oficial.<\/p>\n<p>2.- As\u00ed como de las consecuencias que se puedan derivar de la utilizaci\u00f3n contraria al contenido del presente documento y lesiva de los intereses o derechos de terceros, o que de cualquier forma pueda da\u00f1ar, inutilizar o deteriorar el <strong>SITIO WEB<\/strong> o sus servicios o impedir el normal disfrute por otros usuarios.<\/p>\n<p>El administrador de la p\u00e1gina web se reserva el derecho a actualizar los contenidos cuando lo considere conveniente, as\u00ed como eliminarlos, limitarlos o impedir el acceso a ellos, de manera temporal o definitiva, as\u00ed como denegar el acceso al <strong>SITIO WEB<\/strong> a <strong>USUARIOS<\/strong> que hagan un mal uso de los contenidos y\/o incumplan cualquiera de los t\u00e9rminos y condiciones que aparecen en el presente documento.<\/p>\n<p>El administrador de la p\u00e1gina web informa que no garantiza:<\/p>\n<p>a).- Que el acceso al <strong>SITIO WEB<\/strong> y\/o a las web de enlace sea ininterrumpido y libre de error.<\/p>\n<p>b).- Que el contenido o software al que los <strong>USUARIOS<\/strong> accedan a trav\u00e9s de la web o de las web de enlace no contenga ning\u00fan error, virus inform\u00e1tico u otros elementos en los contenidos que puedan producir alteraciones en su sistema o en los documentos electr\u00f3nicos y ficheros almacenados en su sistema inform\u00e1tico o, cause otro tipo de da\u00f1o.<\/p>\n<p>c).- El aprovechamiento de la informaci\u00f3n o contenido del <strong>SITIO WEB<\/strong> o webs de enlace que los <strong>USUARIOS<\/strong> pudieran hacer para sus prop\u00f3sitos personales.<\/p>\n<h2>5. MODIFICACI\u00d3N DE LOS T\u00c9RMINOS Y CONDICIONES DE USO:<\/h2>\n<p>El administrador de la p\u00e1gina web se reserva el derecho a modificar, en cualquier momento, la presentaci\u00f3n y configuraci\u00f3n del <strong>SITIO WEB<\/strong> as\u00ed como los presentes t\u00e9rminos y condiciones de uso.<\/p>\n<p>Por ello, el administrador de la p\u00e1gina web recomienda al <strong>USUARIO<\/strong> leer atentamente las condiciones y t\u00e9rminos de uso, cada vez que acceda al <strong>SITIO WEB<\/strong>.<\/p>\n<p>Los <strong>USUARIOS<\/strong> siempre dispondr\u00e1n de estos t\u00e9rminos y condiciones de uso en un lugar visible, libremente accesible para cuantas consultas quiera realizar.<\/p>\n<h2>6. NUESTRA RESPONSABILIDAD WEB:<\/h2>\n<p>El administrador de la p\u00e1gina web no asume ninguna responsabilidad derivada, a t\u00edtulo enunciativo pero no limitativo:<\/p>\n<p>1.- De la utilizaci\u00f3n que los <strong>USUARIOS<\/strong> puedan hacer de los materiales del <strong>SITIO WEB<\/strong> o webs de enlace, ya sean prohibidos o permitidos, en infracci\u00f3n de los derechos de propiedad intelectual y\/o industrial de contenidos del <strong>SITIO WEB<\/strong> o de terceros.<\/p>\n<p>2.- Los eventuales da\u00f1os y perjuicios a los <strong>USUARIOS<\/strong> causados \u200b\u200bpor un funcionamiento normal o anormal de las herramientas de b\u00fasqueda, de la localizaci\u00f3n de los contenidos y\/o acceso al <strong>SITIO WEB<\/strong> y, en general, los errores o problemas que se generen en el desarrollo o instrumentaci\u00f3n de los elementos t\u00e9cnicos que el <strong>SITIO WEB<\/strong> o un programa que facilite el <strong>USUARIO<\/strong>.<\/p>\n<p>3.- De los contenidos de aquellas p\u00e1ginas a las que los <strong>USUARIOS<\/strong> puedan acceder desde enlaces incluidos en el <strong>SITIO WEB<\/strong> ya sean autorizados o no.<\/p>\n<p>4.- Los actos u omisiones de terceros, con independencia de que estos terceros pudiesen estar unidos al administrador de la p\u00e1gina web mediante v\u00eda contractual.<\/p>\n<p>5.- Del acceso de menores de edad a los contenidos incluidos en el <strong>SITIO WEB<\/strong> siendo responsabilidad de sus progenitores o tutores ejercer un control adecuado sobre la actividad de los hijos o menores a su cargo o bien instalar alguna de las herramientas de control del uso de Internet con el objeto de evitar el acceso a materiales o contenidos no aptos para menores, as\u00ed como el env\u00edo de datos personales sin la previa autorizaci\u00f3n de sus progenitores o tutor.<\/p>\n<p>El administrador de la p\u00e1gina web no ser\u00e1 responsable en ning\u00fan caso cuando se produzcan:<\/p>\n<p>a.- Errores o retrasos en el acceso al <strong>SITIO WEB<\/strong> por parte del <strong>USUARIO<\/strong> a la hora de introducir sus datos en el formulario de pedido de productos, la lentitud o imposibilidad de recepci\u00f3n por parte de los destinatarios de la confirmaci\u00f3n del pedido o cualquier anomal\u00eda que pueda surgir cuando estas incidencias sean debidas a problemas en la red Internet, causas de caso fortuito o fuerza mayor y cualquier otra contingencia imprevisible ajena a la buena fe del administrador de la p\u00e1gina web.<\/p>\n<p>b.- Errores o incidencias que pudieran producirse en las comunicaciones, borrado o transmisiones incompletas, de manera que no se garantiza que los servicios del sitio web est\u00e9n constantemente operativos.<\/p>\n<p>c.- De los errores o da\u00f1os producidos al sitio web por un uso del servicio ineficiente y de mala fe por parte del <strong>USUARIO<\/strong>.<\/p>\n<p>d.- De la no operatividad o problemas en la direcci\u00f3n electr\u00f3nica facilitada por el <strong>USUARIO<\/strong> para el env\u00edo de la confirmaci\u00f3n de los pedidos.<\/p>\n<p>En todo caso, el administrador de la p\u00e1gina web se compromete a solucionar los problemas que puedan surgir y a ofrecer todo el apoyo necesario al <strong>USUARIO<\/strong> para llegar a una soluci\u00f3n r\u00e1pida y satisfactoria de la incidencia.<\/p>\n<p>Asimismo, el administrador de la p\u00e1gina web tiene derecho a realizar durante intervalos temporales definidos, campa\u00f1as promocionales para promover el registro de nuevos usuarios en su servicio de venta online.<\/p>\n<p>El administrador de la p\u00e1gina web se reserva el derecho de modificar las condiciones de aplicaci\u00f3n de la promociones, prorrogar comunicando debidamente, o proceder a la exclusi\u00f3n de cualquiera de los <strong>USUARIOS<\/strong> de la promoci\u00f3n en el supuesto de detectar cualquier anomal\u00eda, abuso o comportamiento poco \u00e9tico en la participaci\u00f3n de los mismos.<\/p>\n<h2>7. NULIDAD:<\/h2>\n<p>En caso de que cualquier cl\u00e1usula de los presentes t\u00e9rminos y condiciones de uso sea declarada nula, el resto de cl\u00e1usulas se mantendr\u00e1n vigentes y se interpretar\u00e1n teniendo en cuenta la voluntad de las partes y la finalidad misma de los presentes t\u00e9rminos y condiciones.<\/p>\n<p>El administrador de la p\u00e1gina web podr\u00e1 no ejercitar alguno de los derechos y facultades conferidos en este documento lo que no implicar\u00e1 en ning\u00fan caso la renuncia a los mismos salvo reconocimiento expreso por parte del administrador de la p\u00e1gina web o prescripci\u00f3n de la acci\u00f3n que en cada caso corresponda.<\/p>\n<h2>8. LEY APLICABLE Y ARBITRAJE:<\/h2>\n<p>Los presentes t\u00e9rminos y condiciones de uso se rigen por la legislaci\u00f3n espa\u00f1ola aplicable en la materia. Para resolver cualquier controversia o conflicto que se derive, las partes se someten a la jurisdicci\u00f3n de los tribunales de, BARCELONA, Partido Judicial de BARCELONA, ciudad origen de la entidad ALBERT ADRI\u00c0 BOOKS propietaria del SITIO WEB salvo que la ley imponga otra jurisdicci\u00f3n.<\/p>\n<h3>8.1. RESOLUCI\u00d3N DE CONFLICTOS:<\/h3>\n<p>Por la Ley 7\/2017, de 2 de noviembre, en su Art\u00edculo, 40.5, por la que se incorpora al ordenamiento jur\u00eddico espa\u00f1ol la Directiva, 2013\/11\/UE, Reglamento-UE-524\/2013, del Parlamento Europeo y del Consejo, de 21 de mayo, en su Art\u00edculo, 5.1, relativa a la resoluci\u00f3n alternativa de litigios en materia de consumo: Plataforma de resoluci\u00f3n de litigios en l\u00ednea.<\/p>\n<h2>9. PROTECCI\u00d3N DE DATOS Y POL\u00cdTICA DE PRIVACIDAD:<\/h2>\n<p>Los USUARIOS se comprometen a navegar por el <strong>SITIO WEB<\/strong> y a utilizar el contenido de buena fe.<\/p>\n<p>En cumplimiento de lo establecido en el Reglamento General de Protecci\u00f3n de Datos-UE-2016\/679 la LOPDGDD-3\/2018 la LSSI-34\/2002 y la Ley 9\/2014 General de Telecomunicaciones le informamos de que la cumplimentaci\u00f3n de cualquier formulario existente en el <strong>SITIO WEB<\/strong>: <a href=\"http:\/\/albertadria.com\">www.albertadria.com<\/a> o la remisi\u00f3n de un correo electr\u00f3nico a cualquiera de nuestros buzones implica la aceptaci\u00f3n de esta pol\u00edtica de privacidad, as\u00ed como la autorizaci\u00f3n al administrador de la p\u00e1gina web para que trate los datos personales que nos facilite, que ser\u00e1n incorporados al fichero, titularidad del Responsable del Tratamiento y\/o administrador de la p\u00e1gina web. Los datos de los <strong>USUARIOS<\/strong> ser\u00e1n utilizados para el env\u00edo a trav\u00e9s de correo electr\u00f3nico de las gestiones online y f\u00edsicas, que realice el administrador de la p\u00e1gina web.<\/p>\n<p>Por la mera visita al <strong>SITIO WEB<\/strong> los <strong>USUARIOS<\/strong>, no facilitan informaci\u00f3n personal ni est\u00e1 obligado a facilitarla.<\/p>\n<p>El administrador de la p\u00e1gina web se compromete a guardar la m\u00e1xima reserva y confidencialidad sobre la informaci\u00f3n que le sea facilitada y a utilizarla \u00fanicamente para los fines indicados. El administrador de la p\u00e1gina web presume que los datos han sido introducidos por su titular o por persona autorizada por \u00e9ste, as\u00ed como que son correctos y exactos.<\/p>\n<p>Asimismo, <strong>ALBERT ADRI\u00c0 BOOKS<\/strong> informa de la posibilidad de ejercer los derechos de acceso que permite al usuario web, conocer que datos personales tiene el administrador de esta p\u00e1gina y en tal caso contestara en un plazo de 30 d\u00edas, siempre que conserve los datos, rectificaci\u00f3n que permite corregir errores, modificar los datos que sean inexactos o incompletos y garantizar la certeza de la informaci\u00f3n, oposici\u00f3n que podr\u00e1 solicitar y conseguir que no lleve a cabo el tratamiento de datos, supresi\u00f3n que permite que se supriman los datos inadecuados o excesivos, limitaci\u00f3n por el que puede solicitar que se limite el tratamiento de sus datos cuando haya ejercido su derecho a la rectificaci\u00f3n de sus datos personales y portabilidad para que el usuario pueda obtener una copia de los datos personales que haya facilitado en la web a fin de poder transmitirlos a otros servicios, estos derechos se podr\u00e1n ejercer por cualquier medio que deje constancia de su env\u00edo y de su recepci\u00f3n a la direcci\u00f3n del administrador del <strong>SITIO WEB<\/strong> o al Correo electr\u00f3nico: <a href=\"mailto:info@albertadria.com\">info@albertadria.com<\/a>, aportando fotocopia del DNI o documentaci\u00f3n alternativa que acredite su identidad.<\/p>\n<p>Mientras no nos comunique lo contrario, entenderemos que sus datos no han sido modificados, que usted se compromete a notificarnos cualquier variaci\u00f3n y que tenemos el consentimiento para utilizarlos a fin de poder fidelizar la relaci\u00f3n entre ambas partes.<\/p>\n<p>El env\u00edo de sus datos mediante el\/los formularios de nuestra web estar\u00e1 supeditado obligatoriamente a que haya le\u00eddo\/aceptado las Condiciones de uso y Pol\u00edtica de privacidad.<\/p>\n<p>De acuerdo con lo establecido en la Ley 34\/2002, de Servicios de la Sociedad de la Informaci\u00f3n y el Comercio Electr\u00f3nico en su art\u00edculo 21, pedimos su consentimiento para poder realizar comunicaciones publicitarias que consideremos puedan ser de su inter\u00e9s, por correo electr\u00f3nico o por cualquier otro medio de comunicaci\u00f3n electr\u00f3nica equivalente, este consentimiento lo aceptar\u00e1 con la aceptaci\u00f3n de estas condiciones de uso mediante un check box al pie del formulario o p\u00e1gina web.<\/p>\n<p>Para modificar, actualizar o cancelar sus datos personales el <strong>USUARIO<\/strong>, escribir\u00e1 desde el correo electr\u00f3nico de su cuenta a, <a href=\"mailto:info@albertadria.com\">info@albertadria.com<\/a>, con el asunto.<\/p>\n<p>Por lo tanto, el <strong>USUARIO<\/strong> es responsable de la veracidad de los datos y el administrador de la p\u00e1gina web no ser\u00e1 responsable de la inexactitud de los datos personales de los <strong>USUARIOS<\/strong>.<\/p>\n<p>De acuerdo con la legislaci\u00f3n vigente en materia de protecci\u00f3n de datos, el administrador de la p\u00e1gina web ha adoptado los niveles de seguridad adecuados a los datos facilitados por los <strong>USUARIOS<\/strong> y, adem\u00e1s, ha instalado todos los medios y medidas a su alcance para evitar la p\u00e9rdida, mal uso, alteraci\u00f3n, acceso no autorizado y extracci\u00f3n de los mismos.<\/p>\n","protected":false},"excerpt":{"rendered":"<p>Los presentes t\u00e9rminos y condiciones de Uso, y Pol\u00edtica de Privacidad, regulan el uso seg\u00fan la ley 34\/2002 de 11 de julio de Servicios de la Sociedad de la Informaci\u00f3n y de Comercio Electr\u00f3nico de los SITIOS WEB: https:\/\/www.albertadria.com, de la que, Albert Adria Projectes S.L, en adelante, ALBERT ADRI\u00c0 BOOKS, con NIF:B-61741161, con Domicilio [&hellip;]<\/p>\n","protected":false},"author":2,"featured_media":0,"parent":0,"menu_order":0,"comment_status":"closed","ping_status":"closed","template":"template_legal.php","meta":{"_acf_changed":false,"footnotes":""},"class_list":["post-364","page","type-page","status-publish","hentry"],"acf":[],"yoast_head":"<!-- This site is optimized with the Yoast SEO plugin v26.3 - https:\/\/yoast.com\/wordpress\/plugins\/seo\/ -->\n<title>Condiciones de uso web - Albert Adri\u00e0 - Shop<\/title>\n<meta name=\"robots\" content=\"index, follow, max-snippet:-1, max-image-preview:large, max-video-preview:-1\" \/>\n<link rel=\"canonical\" href=\"https:\/\/albertadria.com\/shop\/es\/conditions-of-use\/\" \/>\n<meta property=\"og:locale\" content=\"en_US\" \/>\n<meta property=\"og:type\" content=\"article\" \/>\n<meta property=\"og:title\" content=\"Condiciones de uso web - Albert Adri\u00e0 - Shop\" \/>\n<meta property=\"og:description\" content=\"Los presentes t\u00e9rminos y condiciones de Uso, y Pol\u00edtica de Privacidad, regulan el uso seg\u00fan la ley 34\/2002 de 11 de julio de Servicios de la Sociedad de la Informaci\u00f3n y de Comercio Electr\u00f3nico de los SITIOS WEB: https:\/\/www.albertadria.com, de la que, Albert Adria Projectes S.L, en adelante, ALBERT ADRI\u00c0 BOOKS, con NIF:B-61741161, con Domicilio [&hellip;]\" \/>\n<meta property=\"og:url\" content=\"https:\/\/albertadria.com\/shop\/es\/conditions-of-use\/\" \/>\n<meta property=\"og:site_name\" content=\"Albert Adri\u00e0 - Shop\" \/>\n<meta property=\"article:modified_time\" content=\"2023-03-16T10:21:25+00:00\" \/>\n<meta name=\"twitter:card\" content=\"summary_large_image\" \/>\n<meta name=\"twitter:label1\" content=\"Est. reading time\" \/>\n\t<meta name=\"twitter:data1\" content=\"11 minutes\" \/>\n<script type=\"application\/ld+json\" class=\"yoast-schema-graph\">{\"@context\":\"https:\/\/schema.org\",\"@graph\":[{\"@type\":\"WebPage\",\"@id\":\"https:\/\/albertadria.com\/shop\/es\/conditions-of-use\/\",\"url\":\"https:\/\/albertadria.com\/shop\/es\/conditions-of-use\/\",\"name\":\"Condiciones de uso web - Albert Adri\u00e0 - Shop\",\"isPartOf\":{\"@id\":\"https:\/\/albertadria.com\/shop\/#website\"},\"datePublished\":\"2023-03-16T09:53:15+00:00\",\"dateModified\":\"2023-03-16T10:21:25+00:00\",\"breadcrumb\":{\"@id\":\"https:\/\/albertadria.com\/shop\/es\/conditions-of-use\/#breadcrumb\"},\"inLanguage\":\"en-US\",\"potentialAction\":[{\"@type\":\"ReadAction\",\"target\":[\"https:\/\/albertadria.com\/shop\/es\/conditions-of-use\/\"]}]},{\"@type\":\"BreadcrumbList\",\"@id\":\"https:\/\/albertadria.com\/shop\/es\/conditions-of-use\/#breadcrumb\",\"itemListElement\":[{\"@type\":\"ListItem\",\"position\":1,\"name\":\"Home\",\"item\":\"https:\/\/albertadria.com\/shop\/\"},{\"@type\":\"ListItem\",\"position\":2,\"name\":\"Condiciones de uso web\"}]},{\"@type\":\"WebSite\",\"@id\":\"https:\/\/albertadria.com\/shop\/#website\",\"url\":\"https:\/\/albertadria.com\/shop\/\",\"name\":\"Albert Adri\u00e0 - Shop\",\"description\":\"\",\"potentialAction\":[{\"@type\":\"SearchAction\",\"target\":{\"@type\":\"EntryPoint\",\"urlTemplate\":\"https:\/\/albertadria.com\/shop\/?s={search_term_string}\"},\"query-input\":{\"@type\":\"PropertyValueSpecification\",\"valueRequired\":true,\"valueName\":\"search_term_string\"}}],\"inLanguage\":\"en-US\"}]}<\/script>\n<!-- \/ Yoast SEO plugin. -->","yoast_head_json":{"title":"Condiciones de uso web - Albert Adri\u00e0 - Shop","robots":{"index":"index","follow":"follow","max-snippet":"max-snippet:-1","max-image-preview":"max-image-preview:large","max-video-preview":"max-video-preview:-1"},"canonical":"https:\/\/albertadria.com\/shop\/es\/conditions-of-use\/","og_locale":"en_US","og_type":"article","og_title":"Condiciones de uso web - Albert Adri\u00e0 - Shop","og_description":"Los presentes t\u00e9rminos y condiciones de Uso, y Pol\u00edtica de Privacidad, regulan el uso seg\u00fan la ley 34\/2002 de 11 de julio de Servicios de la Sociedad de la Informaci\u00f3n y de Comercio Electr\u00f3nico de los SITIOS WEB: https:\/\/www.albertadria.com, de la que, Albert Adria Projectes S.L, en adelante, ALBERT ADRI\u00c0 BOOKS, con NIF:B-61741161, con Domicilio [&hellip;]","og_url":"https:\/\/albertadria.com\/shop\/es\/conditions-of-use\/","og_site_name":"Albert Adri\u00e0 - Shop","article_modified_time":"2023-03-16T10:21:25+00:00","twitter_card":"summary_large_image","twitter_misc":{"Est. reading time":"11 minutes"},"schema":{"@context":"https:\/\/schema.org","@graph":[{"@type":"WebPage","@id":"https:\/\/albertadria.com\/shop\/es\/conditions-of-use\/","url":"https:\/\/albertadria.com\/shop\/es\/conditions-of-use\/","name":"Condiciones de uso web - Albert Adri\u00e0 - Shop","isPartOf":{"@id":"https:\/\/albertadria.com\/shop\/#website"},"datePublished":"2023-03-16T09:53:15+00:00","dateModified":"2023-03-16T10:21:25+00:00","breadcrumb":{"@id":"https:\/\/albertadria.com\/shop\/es\/conditions-of-use\/#breadcrumb"},"inLanguage":"en-US","potentialAction":[{"@type":"ReadAction","target":["https:\/\/albertadria.com\/shop\/es\/conditions-of-use\/"]}]},{"@type":"BreadcrumbList","@id":"https:\/\/albertadria.com\/shop\/es\/conditions-of-use\/#breadcrumb","itemListElement":[{"@type":"ListItem","position":1,"name":"Home","item":"https:\/\/albertadria.com\/shop\/"},{"@type":"ListItem","position":2,"name":"Condiciones de uso web"}]},{"@type":"WebSite","@id":"https:\/\/albertadria.com\/shop\/#website","url":"https:\/\/albertadria.com\/shop\/","name":"Albert Adri\u00e0 - Shop","description":"","potentialAction":[{"@type":"SearchAction","target":{"@type":"EntryPoint","urlTemplate":"https:\/\/albertadria.com\/shop\/?s={search_term_string}"},"query-input":{"@type":"PropertyValueSpecification","valueRequired":true,"valueName":"search_term_string"}}],"inLanguage":"en-US"}]}},"_links":{"self":[{"href":"https:\/\/albertadria.com\/shop\/wp-json\/wp\/v2\/pages\/364","targetHints":{"allow":["GET"]}}],"collection":[{"href":"https:\/\/albertadria.com\/shop\/wp-json\/wp\/v2\/pages"}],"about":[{"href":"https:\/\/albertadria.com\/shop\/wp-json\/wp\/v2\/types\/page"}],"author":[{"embeddable":true,"href":"https:\/\/albertadria.com\/shop\/wp-json\/wp\/v2\/users\/2"}],"replies":[{"embeddable":true,"href":"https:\/\/albertadria.com\/shop\/wp-json\/wp\/v2\/comments?post=364"}],"version-history":[{"count":2,"href":"https:\/\/albertadria.com\/shop\/wp-json\/wp\/v2\/pages\/364\/revisions"}],"predecessor-version":[{"id":367,"href":"https:\/\/albertadria.com\/shop\/wp-json\/wp\/v2\/pages\/364\/revisions\/367"}],"wp:attachment":[{"href":"https:\/\/albertadria.com\/shop\/wp-json\/wp\/v2\/media?parent=364"}],"curies":[{"name":"wp","href":"https:\/\/api.w.org\/{rel}","templated":true}]}}