{"id":107,"date":"2023-05-26T10:00:03","date_gmt":"2023-05-26T08:00:03","guid":{"rendered":"https:\/\/albertadria.com\/shop\/?post_type=product&#038;p=107"},"modified":"2023-05-26T14:58:12","modified_gmt":"2023-05-26T12:58:12","slug":"candy-los-postres-de-elbarri-2","status":"publish","type":"product","link":"https:\/\/albertadria.com\/shop\/es\/product\/candy-los-postres-de-elbarri-2\/","title":{"rendered":"Candy. Los postres de elBarri"},"content":{"rendered":"<p><strong><em>Candy. Los postres de elBarri.\u00a0 <\/em><\/strong>Candy es un destilado de la cocina dulce creada en los restaurantes de elBarri a largo de toda una d\u00e9cada (2011-2021). La \u00faltima fase de su confecci\u00f3n coincidi\u00f3 con la clausura de elBarri: ese irrepetible parque de atracciones gastron\u00f3mico del que formaban parte Tickets, Bodega 1900, Hoja Santa, Pakta y Enigma. Para Albert Adri\u00e0 y David Gil \u2014alma mater y jefe de pasteler\u00eda de elBarri, respectivamente\u2014, este libro representa un alto en mitad de sus carreras, una pausa que ha tra\u00eddo consigo un bien de incalculable valor: la oportunidad de volver la vista atr\u00e1s, de evaluar los \u00e9xitos alcanzados y replantearse las pr\u00f3ximas metas.<\/p>\n<p>Hemos querido que Candy se exprese de dos maneras distintas: mediante un libro con las fotograf\u00edas de los postres, acompa\u00f1adas de una breve explicaci\u00f3n de su concepto para que las im\u00e1genes hablen por s\u00ed mismas; y mediante un recetario, en el cual se explica de forma detallada la elaboraci\u00f3n de cada plato.<\/p>\n<p>&nbsp;<\/p>\n<p>512 p\u00e1ginas<\/p>\n<p>255 x 320 mm<\/p>\n<p>Tapa dura<\/p>\n<p>ISBN: 978-84-91-87605-2<\/p>\n","protected":false},"excerpt":{"rendered":"<p>Candy. Los postres de elBarri.\u00a0 Candy es un destilado de la cocina dulce creada en los restaurantes de elBarri a largo de toda una d\u00e9cada (2011-2021). La \u00faltima fase de su confecci\u00f3n coincidi\u00f3 con la clausura de elBarri: ese irrepetible parque de atracciones gastron\u00f3mico del que formaban parte Tickets, Bodega 1900, Hoja Santa, Pakta y [&hellip;]<\/p>\n","protected":false},"featured_media":108,"template":"","meta":{"_acf_changed":false},"product_brand":[],"product_cat":[98],"product_tag":[],"class_list":{"0":"post-107","1":"product","2":"type-product","3":"status-publish","4":"has-post-thumbnail","6":"product_cat-uncategorized-es","8":"first","9":"instock","10":"taxable","11":"shipping-taxable","12":"purchasable","13":"product-type-simple"},"acf":[],"yoast_head":"<!-- This site is optimized with the Yoast SEO plugin v26.3 - https:\/\/yoast.com\/wordpress\/plugins\/seo\/ -->\n<title>Candy. Los postres de elBarri - Albert Adri\u00e0 - Shop<\/title>\n<meta name=\"description\" content=\"Candy es un destilado de la cocina dulce creada en los restaurantes de elBarri a largo de toda una d\u00e9cada (2011-2021)\" \/>\n<meta name=\"robots\" content=\"index, follow, max-snippet:-1, max-image-preview:large, max-video-preview:-1\" \/>\n<link rel=\"canonical\" href=\"https:\/\/albertadria.com\/shop\/es\/product\/candy-los-postres-de-elbarri-2\/\" \/>\n<meta property=\"og:locale\" content=\"en_US\" \/>\n<meta property=\"og:type\" content=\"article\" \/>\n<meta property=\"og:title\" content=\"Candy. Los postres de elBarri - Albert Adri\u00e0 - Shop\" \/>\n<meta property=\"og:description\" content=\"Candy es un destilado de la cocina dulce creada en los restaurantes de elBarri a largo de toda una d\u00e9cada (2011-2021)\" \/>\n<meta property=\"og:url\" content=\"https:\/\/albertadria.com\/shop\/es\/product\/candy-los-postres-de-elbarri-2\/\" \/>\n<meta property=\"og:site_name\" content=\"Albert Adri\u00e0 - Shop\" \/>\n<meta property=\"article:modified_time\" content=\"2023-05-26T12:58:12+00:00\" \/>\n<meta property=\"og:image\" content=\"https:\/\/albertadria.com\/shop\/wp-content\/uploads\/sites\/3\/2023\/02\/Candy.-Los-postresdeelBarri-scaled.jpg\" \/>\n\t<meta property=\"og:image:width\" content=\"2560\" \/>\n\t<meta property=\"og:image:height\" content=\"1821\" \/>\n\t<meta property=\"og:image:type\" content=\"image\/jpeg\" \/>\n<meta name=\"twitter:card\" content=\"summary_large_image\" \/>\n<meta name=\"twitter:label1\" content=\"Est. reading time\" \/>\n\t<meta name=\"twitter:data1\" content=\"1 minute\" \/>\n<script type=\"application\/ld+json\" class=\"yoast-schema-graph\">{\"@context\":\"https:\/\/schema.org\",\"@graph\":[{\"@type\":\"WebPage\",\"@id\":\"https:\/\/albertadria.com\/shop\/es\/product\/candy-los-postres-de-elbarri-2\/\",\"url\":\"https:\/\/albertadria.com\/shop\/es\/product\/candy-los-postres-de-elbarri-2\/\",\"name\":\"Candy. Los postres de elBarri - Albert Adri\u00e0 - Shop\",\"isPartOf\":{\"@id\":\"https:\/\/albertadria.com\/shop\/#website\"},\"primaryImageOfPage\":{\"@id\":\"https:\/\/albertadria.com\/shop\/es\/product\/candy-los-postres-de-elbarri-2\/#primaryimage\"},\"image\":{\"@id\":\"https:\/\/albertadria.com\/shop\/es\/product\/candy-los-postres-de-elbarri-2\/#primaryimage\"},\"thumbnailUrl\":\"https:\/\/albertadria.com\/shop\/wp-content\/uploads\/sites\/3\/2023\/02\/Candy.-Los-postresdeelBarri-scaled.jpg\",\"datePublished\":\"2023-05-26T08:00:03+00:00\",\"dateModified\":\"2023-05-26T12:58:12+00:00\",\"description\":\"Candy es un destilado de la cocina dulce creada en los restaurantes de elBarri a largo de toda una d\u00e9cada (2011-2021)\",\"breadcrumb\":{\"@id\":\"https:\/\/albertadria.com\/shop\/es\/product\/candy-los-postres-de-elbarri-2\/#breadcrumb\"},\"inLanguage\":\"en-US\",\"potentialAction\":[{\"@type\":\"ReadAction\",\"target\":[\"https:\/\/albertadria.com\/shop\/es\/product\/candy-los-postres-de-elbarri-2\/\"]}]},{\"@type\":\"ImageObject\",\"inLanguage\":\"en-US\",\"@id\":\"https:\/\/albertadria.com\/shop\/es\/product\/candy-los-postres-de-elbarri-2\/#primaryimage\",\"url\":\"https:\/\/albertadria.com\/shop\/wp-content\/uploads\/sites\/3\/2023\/02\/Candy.-Los-postresdeelBarri-scaled.jpg\",\"contentUrl\":\"https:\/\/albertadria.com\/shop\/wp-content\/uploads\/sites\/3\/2023\/02\/Candy.-Los-postresdeelBarri-scaled.jpg\",\"width\":2560,\"height\":1821},{\"@type\":\"BreadcrumbList\",\"@id\":\"https:\/\/albertadria.com\/shop\/es\/product\/candy-los-postres-de-elbarri-2\/#breadcrumb\",\"itemListElement\":[{\"@type\":\"ListItem\",\"position\":1,\"name\":\"Home\",\"item\":\"https:\/\/albertadria.com\/shop\/\"},{\"@type\":\"ListItem\",\"position\":2,\"name\":\"Shop\",\"item\":\"https:\/\/albertadria.com\/shop\/\"},{\"@type\":\"ListItem\",\"position\":3,\"name\":\"Candy. Los postres de elBarri\"}]},{\"@type\":\"WebSite\",\"@id\":\"https:\/\/albertadria.com\/shop\/#website\",\"url\":\"https:\/\/albertadria.com\/shop\/\",\"name\":\"Albert Adri\u00e0 - Shop\",\"description\":\"\",\"potentialAction\":[{\"@type\":\"SearchAction\",\"target\":{\"@type\":\"EntryPoint\",\"urlTemplate\":\"https:\/\/albertadria.com\/shop\/?s={search_term_string}\"},\"query-input\":{\"@type\":\"PropertyValueSpecification\",\"valueRequired\":true,\"valueName\":\"search_term_string\"}}],\"inLanguage\":\"en-US\"}]}<\/script>\n<!-- \/ Yoast SEO plugin. -->","yoast_head_json":{"title":"Candy. Los postres de elBarri - Albert Adri\u00e0 - Shop","description":"Candy es un destilado de la cocina dulce creada en los restaurantes de elBarri a largo de toda una d\u00e9cada (2011-2021)","robots":{"index":"index","follow":"follow","max-snippet":"max-snippet:-1","max-image-preview":"max-image-preview:large","max-video-preview":"max-video-preview:-1"},"canonical":"https:\/\/albertadria.com\/shop\/es\/product\/candy-los-postres-de-elbarri-2\/","og_locale":"en_US","og_type":"article","og_title":"Candy. Los postres de elBarri - Albert Adri\u00e0 - Shop","og_description":"Candy es un destilado de la cocina dulce creada en los restaurantes de elBarri a largo de toda una d\u00e9cada (2011-2021)","og_url":"https:\/\/albertadria.com\/shop\/es\/product\/candy-los-postres-de-elbarri-2\/","og_site_name":"Albert Adri\u00e0 - Shop","article_modified_time":"2023-05-26T12:58:12+00:00","og_image":[{"width":2560,"height":1821,"url":"https:\/\/albertadria.com\/shop\/wp-content\/uploads\/sites\/3\/2023\/02\/Candy.-Los-postresdeelBarri-scaled.jpg","type":"image\/jpeg"}],"twitter_card":"summary_large_image","twitter_misc":{"Est. reading time":"1 minute"},"schema":{"@context":"https:\/\/schema.org","@graph":[{"@type":"WebPage","@id":"https:\/\/albertadria.com\/shop\/es\/product\/candy-los-postres-de-elbarri-2\/","url":"https:\/\/albertadria.com\/shop\/es\/product\/candy-los-postres-de-elbarri-2\/","name":"Candy. Los postres de elBarri - Albert Adri\u00e0 - Shop","isPartOf":{"@id":"https:\/\/albertadria.com\/shop\/#website"},"primaryImageOfPage":{"@id":"https:\/\/albertadria.com\/shop\/es\/product\/candy-los-postres-de-elbarri-2\/#primaryimage"},"image":{"@id":"https:\/\/albertadria.com\/shop\/es\/product\/candy-los-postres-de-elbarri-2\/#primaryimage"},"thumbnailUrl":"https:\/\/albertadria.com\/shop\/wp-content\/uploads\/sites\/3\/2023\/02\/Candy.-Los-postresdeelBarri-scaled.jpg","datePublished":"2023-05-26T08:00:03+00:00","dateModified":"2023-05-26T12:58:12+00:00","description":"Candy es un destilado de la cocina dulce creada en los restaurantes de elBarri a largo de toda una d\u00e9cada (2011-2021)","breadcrumb":{"@id":"https:\/\/albertadria.com\/shop\/es\/product\/candy-los-postres-de-elbarri-2\/#breadcrumb"},"inLanguage":"en-US","potentialAction":[{"@type":"ReadAction","target":["https:\/\/albertadria.com\/shop\/es\/product\/candy-los-postres-de-elbarri-2\/"]}]},{"@type":"ImageObject","inLanguage":"en-US","@id":"https:\/\/albertadria.com\/shop\/es\/product\/candy-los-postres-de-elbarri-2\/#primaryimage","url":"https:\/\/albertadria.com\/shop\/wp-content\/uploads\/sites\/3\/2023\/02\/Candy.-Los-postresdeelBarri-scaled.jpg","contentUrl":"https:\/\/albertadria.com\/shop\/wp-content\/uploads\/sites\/3\/2023\/02\/Candy.-Los-postresdeelBarri-scaled.jpg","width":2560,"height":1821},{"@type":"BreadcrumbList","@id":"https:\/\/albertadria.com\/shop\/es\/product\/candy-los-postres-de-elbarri-2\/#breadcrumb","itemListElement":[{"@type":"ListItem","position":1,"name":"Home","item":"https:\/\/albertadria.com\/shop\/"},{"@type":"ListItem","position":2,"name":"Shop","item":"https:\/\/albertadria.com\/shop\/"},{"@type":"ListItem","position":3,"name":"Candy. Los postres de elBarri"}]},{"@type":"WebSite","@id":"https:\/\/albertadria.com\/shop\/#website","url":"https:\/\/albertadria.com\/shop\/","name":"Albert Adri\u00e0 - Shop","description":"","potentialAction":[{"@type":"SearchAction","target":{"@type":"EntryPoint","urlTemplate":"https:\/\/albertadria.com\/shop\/?s={search_term_string}"},"query-input":{"@type":"PropertyValueSpecification","valueRequired":true,"valueName":"search_term_string"}}],"inLanguage":"en-US"}]}},"_links":{"self":[{"href":"https:\/\/albertadria.com\/shop\/wp-json\/wp\/v2\/product\/107","targetHints":{"allow":["GET"]}}],"collection":[{"href":"https:\/\/albertadria.com\/shop\/wp-json\/wp\/v2\/product"}],"about":[{"href":"https:\/\/albertadria.com\/shop\/wp-json\/wp\/v2\/types\/product"}],"wp:featuredmedia":[{"embeddable":true,"href":"https:\/\/albertadria.com\/shop\/wp-json\/wp\/v2\/media\/108"}],"wp:attachment":[{"href":"https:\/\/albertadria.com\/shop\/wp-json\/wp\/v2\/media?parent=107"}],"wp:term":[{"taxonomy":"product_brand","embeddable":true,"href":"https:\/\/albertadria.com\/shop\/wp-json\/wp\/v2\/product_brand?post=107"},{"taxonomy":"product_cat","embeddable":true,"href":"https:\/\/albertadria.com\/shop\/wp-json\/wp\/v2\/product_cat?post=107"},{"taxonomy":"product_tag","embeddable":true,"href":"https:\/\/albertadria.com\/shop\/wp-json\/wp\/v2\/product_tag?post=107"}],"curies":[{"name":"wp","href":"https:\/\/api.w.org\/{rel}","templated":true}]}}