{"id":227,"date":"2023-05-26T10:00:51","date_gmt":"2023-05-26T08:00:51","guid":{"rendered":"https:\/\/albertadria.com\/shop\/?post_type=product&#038;p=227"},"modified":"2023-05-26T14:58:19","modified_gmt":"2023-05-26T12:58:19","slug":"candy-los-postres-de-elbarri","status":"publish","type":"product","link":"https:\/\/albertadria.com\/shop\/ca\/product\/candy-los-postres-de-elbarri\/","title":{"rendered":"Candy. Les postres de elBarri"},"content":{"rendered":"<p><strong><em>Candy. Les postres de elBarri.\u00a0 <\/em><\/strong>Candy \u00e9s un destil\u00b7lat de la cuina dol\u00e7a creada als restaurants del Barri al llarg de tota una d\u00e8cada (2011-2021). L&#8217;\u00faltima fase de la seva confecci\u00f3 va coincidir amb la clausura del Barri: aquest irrepetible parc d&#8217;atraccions gastron\u00f2mic del qual formaven part Tickets, Bodega 1900, Hoja Santa, Pakta i Enigma. Per a Albert Adri\u00e0 i David Gil \u2014\u00e0nima mater i cap de pastisseria d&#8217;elBarri, respectivament\u2014, aquest llibre representa un alt a la meitat de les seves carreres, una pausa que ha comportat un b\u00e9 d&#8217;incalculable valor: l&#8217;oportunitat de tornar la vista enrere, d&#8217;avaluar els \u00e8xits aconseguits i replantejar-se les properes metes.<\/p>\n<p>Hem volgut que Candy s&#8217;expressi de dues maneres diferents: mitjan\u00e7ant un llibre amb les fotografies de les postres, acompanyades d&#8217;una breu explicaci\u00f3 del concepte perqu\u00e8 les imatges parlin per si mateixes; i mitjan\u00e7ant un receptari, en qu\u00e8 s&#8217;explica de manera detallada l&#8217;elaboraci\u00f3 de cada plat.<\/p>\n<p>&nbsp;<\/p>\n<p>512 p\u00e0gines<\/p>\n<p>255 x 320 mm<\/p>\n<p>Tapa dura<\/p>\n<p>ISBN: 978-84-91-87605-2<\/p>\n","protected":false},"excerpt":{"rendered":"<p>Candy. Les postres de elBarri.\u00a0 Candy \u00e9s un destil\u00b7lat de la cuina dol\u00e7a creada als restaurants del Barri al llarg de tota una d\u00e8cada (2011-2021). L&#8217;\u00faltima fase de la seva confecci\u00f3 va coincidir amb la clausura del Barri: aquest irrepetible parc d&#8217;atraccions gastron\u00f2mic del qual formaven part Tickets, Bodega 1900, Hoja Santa, Pakta i Enigma. [&hellip;]<\/p>\n","protected":false},"featured_media":109,"template":"","meta":{"_acf_changed":false},"product_brand":[],"product_cat":[100],"product_tag":[],"class_list":{"0":"post-227","1":"product","2":"type-product","3":"status-publish","4":"has-post-thumbnail","6":"product_cat-uncategorized-ca","8":"first","9":"instock","10":"taxable","11":"shipping-taxable","12":"purchasable","13":"product-type-simple"},"acf":[],"yoast_head":"<!-- This site is optimized with the Yoast SEO plugin v26.3 - https:\/\/yoast.com\/wordpress\/plugins\/seo\/ -->\n<title>Candy. Les postres de elBarri - Albert Adri\u00e0 - Shop<\/title>\n<meta name=\"description\" content=\"Candy \u00e9s un destil\u00b7lat de la cuina dol\u00e7a creada als restaurants del Barri al llarg de tota una d\u00e8cada (2011-2021).\" \/>\n<meta name=\"robots\" content=\"index, follow, max-snippet:-1, max-image-preview:large, max-video-preview:-1\" \/>\n<link rel=\"canonical\" href=\"https:\/\/albertadria.com\/shop\/ca\/product\/candy-los-postres-de-elbarri\/\" \/>\n<meta property=\"og:locale\" content=\"en_US\" \/>\n<meta property=\"og:type\" content=\"article\" \/>\n<meta property=\"og:title\" content=\"Candy. Les postres de elBarri - Albert Adri\u00e0 - Shop\" \/>\n<meta property=\"og:description\" content=\"Candy \u00e9s un destil\u00b7lat de la cuina dol\u00e7a creada als restaurants del Barri al llarg de tota una d\u00e8cada (2011-2021).\" \/>\n<meta property=\"og:url\" content=\"https:\/\/albertadria.com\/shop\/ca\/product\/candy-los-postres-de-elbarri\/\" \/>\n<meta property=\"og:site_name\" content=\"Albert Adri\u00e0 - Shop\" \/>\n<meta property=\"article:modified_time\" content=\"2023-05-26T12:58:19+00:00\" \/>\n<meta property=\"og:image\" content=\"https:\/\/albertadria.com\/shop\/wp-content\/uploads\/sites\/3\/2023\/02\/Candy.-Los-postresdeelBarri-scaled.jpg\" \/>\n\t<meta property=\"og:image:width\" content=\"2560\" \/>\n\t<meta property=\"og:image:height\" content=\"1821\" \/>\n\t<meta property=\"og:image:type\" content=\"image\/jpeg\" \/>\n<meta name=\"twitter:card\" content=\"summary_large_image\" \/>\n<meta name=\"twitter:label1\" content=\"Est. reading time\" \/>\n\t<meta name=\"twitter:data1\" content=\"1 minute\" \/>\n<script type=\"application\/ld+json\" class=\"yoast-schema-graph\">{\"@context\":\"https:\/\/schema.org\",\"@graph\":[{\"@type\":\"WebPage\",\"@id\":\"https:\/\/albertadria.com\/shop\/ca\/product\/candy-los-postres-de-elbarri\/\",\"url\":\"https:\/\/albertadria.com\/shop\/ca\/product\/candy-los-postres-de-elbarri\/\",\"name\":\"Candy. Les postres de elBarri - Albert Adri\u00e0 - Shop\",\"isPartOf\":{\"@id\":\"https:\/\/albertadria.com\/shop\/#website\"},\"primaryImageOfPage\":{\"@id\":\"https:\/\/albertadria.com\/shop\/ca\/product\/candy-los-postres-de-elbarri\/#primaryimage\"},\"image\":{\"@id\":\"https:\/\/albertadria.com\/shop\/ca\/product\/candy-los-postres-de-elbarri\/#primaryimage\"},\"thumbnailUrl\":\"https:\/\/albertadria.com\/shop\/wp-content\/uploads\/sites\/3\/2023\/02\/Candy.-Los-postresdeelBarri-scaled.jpg\",\"datePublished\":\"2023-05-26T08:00:51+00:00\",\"dateModified\":\"2023-05-26T12:58:19+00:00\",\"description\":\"Candy \u00e9s un destil\u00b7lat de la cuina dol\u00e7a creada als restaurants del Barri al llarg de tota una d\u00e8cada (2011-2021).\",\"breadcrumb\":{\"@id\":\"https:\/\/albertadria.com\/shop\/ca\/product\/candy-los-postres-de-elbarri\/#breadcrumb\"},\"inLanguage\":\"en-US\",\"potentialAction\":[{\"@type\":\"ReadAction\",\"target\":[\"https:\/\/albertadria.com\/shop\/ca\/product\/candy-los-postres-de-elbarri\/\"]}]},{\"@type\":\"ImageObject\",\"inLanguage\":\"en-US\",\"@id\":\"https:\/\/albertadria.com\/shop\/ca\/product\/candy-los-postres-de-elbarri\/#primaryimage\",\"url\":\"https:\/\/albertadria.com\/shop\/wp-content\/uploads\/sites\/3\/2023\/02\/Candy.-Los-postresdeelBarri-scaled.jpg\",\"contentUrl\":\"https:\/\/albertadria.com\/shop\/wp-content\/uploads\/sites\/3\/2023\/02\/Candy.-Los-postresdeelBarri-scaled.jpg\",\"width\":2560,\"height\":1821},{\"@type\":\"BreadcrumbList\",\"@id\":\"https:\/\/albertadria.com\/shop\/ca\/product\/candy-los-postres-de-elbarri\/#breadcrumb\",\"itemListElement\":[{\"@type\":\"ListItem\",\"position\":1,\"name\":\"Home\",\"item\":\"https:\/\/albertadria.com\/shop\/\"},{\"@type\":\"ListItem\",\"position\":2,\"name\":\"Shop\",\"item\":\"https:\/\/albertadria.com\/shop\/\"},{\"@type\":\"ListItem\",\"position\":3,\"name\":\"Candy. Les postres de elBarri\"}]},{\"@type\":\"WebSite\",\"@id\":\"https:\/\/albertadria.com\/shop\/#website\",\"url\":\"https:\/\/albertadria.com\/shop\/\",\"name\":\"Albert Adri\u00e0 - Shop\",\"description\":\"\",\"potentialAction\":[{\"@type\":\"SearchAction\",\"target\":{\"@type\":\"EntryPoint\",\"urlTemplate\":\"https:\/\/albertadria.com\/shop\/?s={search_term_string}\"},\"query-input\":{\"@type\":\"PropertyValueSpecification\",\"valueRequired\":true,\"valueName\":\"search_term_string\"}}],\"inLanguage\":\"en-US\"}]}<\/script>\n<!-- \/ Yoast SEO plugin. -->","yoast_head_json":{"title":"Candy. Les postres de elBarri - Albert Adri\u00e0 - Shop","description":"Candy \u00e9s un destil\u00b7lat de la cuina dol\u00e7a creada als restaurants del Barri al llarg de tota una d\u00e8cada (2011-2021).","robots":{"index":"index","follow":"follow","max-snippet":"max-snippet:-1","max-image-preview":"max-image-preview:large","max-video-preview":"max-video-preview:-1"},"canonical":"https:\/\/albertadria.com\/shop\/ca\/product\/candy-los-postres-de-elbarri\/","og_locale":"en_US","og_type":"article","og_title":"Candy. Les postres de elBarri - Albert Adri\u00e0 - Shop","og_description":"Candy \u00e9s un destil\u00b7lat de la cuina dol\u00e7a creada als restaurants del Barri al llarg de tota una d\u00e8cada (2011-2021).","og_url":"https:\/\/albertadria.com\/shop\/ca\/product\/candy-los-postres-de-elbarri\/","og_site_name":"Albert Adri\u00e0 - Shop","article_modified_time":"2023-05-26T12:58:19+00:00","og_image":[{"width":2560,"height":1821,"url":"https:\/\/albertadria.com\/shop\/wp-content\/uploads\/sites\/3\/2023\/02\/Candy.-Los-postresdeelBarri-scaled.jpg","type":"image\/jpeg"}],"twitter_card":"summary_large_image","twitter_misc":{"Est. reading time":"1 minute"},"schema":{"@context":"https:\/\/schema.org","@graph":[{"@type":"WebPage","@id":"https:\/\/albertadria.com\/shop\/ca\/product\/candy-los-postres-de-elbarri\/","url":"https:\/\/albertadria.com\/shop\/ca\/product\/candy-los-postres-de-elbarri\/","name":"Candy. Les postres de elBarri - Albert Adri\u00e0 - Shop","isPartOf":{"@id":"https:\/\/albertadria.com\/shop\/#website"},"primaryImageOfPage":{"@id":"https:\/\/albertadria.com\/shop\/ca\/product\/candy-los-postres-de-elbarri\/#primaryimage"},"image":{"@id":"https:\/\/albertadria.com\/shop\/ca\/product\/candy-los-postres-de-elbarri\/#primaryimage"},"thumbnailUrl":"https:\/\/albertadria.com\/shop\/wp-content\/uploads\/sites\/3\/2023\/02\/Candy.-Los-postresdeelBarri-scaled.jpg","datePublished":"2023-05-26T08:00:51+00:00","dateModified":"2023-05-26T12:58:19+00:00","description":"Candy \u00e9s un destil\u00b7lat de la cuina dol\u00e7a creada als restaurants del Barri al llarg de tota una d\u00e8cada (2011-2021).","breadcrumb":{"@id":"https:\/\/albertadria.com\/shop\/ca\/product\/candy-los-postres-de-elbarri\/#breadcrumb"},"inLanguage":"en-US","potentialAction":[{"@type":"ReadAction","target":["https:\/\/albertadria.com\/shop\/ca\/product\/candy-los-postres-de-elbarri\/"]}]},{"@type":"ImageObject","inLanguage":"en-US","@id":"https:\/\/albertadria.com\/shop\/ca\/product\/candy-los-postres-de-elbarri\/#primaryimage","url":"https:\/\/albertadria.com\/shop\/wp-content\/uploads\/sites\/3\/2023\/02\/Candy.-Los-postresdeelBarri-scaled.jpg","contentUrl":"https:\/\/albertadria.com\/shop\/wp-content\/uploads\/sites\/3\/2023\/02\/Candy.-Los-postresdeelBarri-scaled.jpg","width":2560,"height":1821},{"@type":"BreadcrumbList","@id":"https:\/\/albertadria.com\/shop\/ca\/product\/candy-los-postres-de-elbarri\/#breadcrumb","itemListElement":[{"@type":"ListItem","position":1,"name":"Home","item":"https:\/\/albertadria.com\/shop\/"},{"@type":"ListItem","position":2,"name":"Shop","item":"https:\/\/albertadria.com\/shop\/"},{"@type":"ListItem","position":3,"name":"Candy. Les postres de elBarri"}]},{"@type":"WebSite","@id":"https:\/\/albertadria.com\/shop\/#website","url":"https:\/\/albertadria.com\/shop\/","name":"Albert Adri\u00e0 - Shop","description":"","potentialAction":[{"@type":"SearchAction","target":{"@type":"EntryPoint","urlTemplate":"https:\/\/albertadria.com\/shop\/?s={search_term_string}"},"query-input":{"@type":"PropertyValueSpecification","valueRequired":true,"valueName":"search_term_string"}}],"inLanguage":"en-US"}]}},"_links":{"self":[{"href":"https:\/\/albertadria.com\/shop\/wp-json\/wp\/v2\/product\/227","targetHints":{"allow":["GET"]}}],"collection":[{"href":"https:\/\/albertadria.com\/shop\/wp-json\/wp\/v2\/product"}],"about":[{"href":"https:\/\/albertadria.com\/shop\/wp-json\/wp\/v2\/types\/product"}],"wp:featuredmedia":[{"embeddable":true,"href":"https:\/\/albertadria.com\/shop\/wp-json\/wp\/v2\/media\/109"}],"wp:attachment":[{"href":"https:\/\/albertadria.com\/shop\/wp-json\/wp\/v2\/media?parent=227"}],"wp:term":[{"taxonomy":"product_brand","embeddable":true,"href":"https:\/\/albertadria.com\/shop\/wp-json\/wp\/v2\/product_brand?post=227"},{"taxonomy":"product_cat","embeddable":true,"href":"https:\/\/albertadria.com\/shop\/wp-json\/wp\/v2\/product_cat?post=227"},{"taxonomy":"product_tag","embeddable":true,"href":"https:\/\/albertadria.com\/shop\/wp-json\/wp\/v2\/product_tag?post=227"}],"curies":[{"name":"wp","href":"https:\/\/api.w.org\/{rel}","templated":true}]}}