{"id":236,"date":"2023-05-23T18:24:47","date_gmt":"2023-05-23T16:24:47","guid":{"rendered":"https:\/\/albertadria.com\/shop\/?post_type=product&#038;p=236"},"modified":"2024-11-11T11:45:32","modified_gmt":"2024-11-11T10:45:32","slug":"tickets-evolution-english-version","status":"publish","type":"product","link":"https:\/\/albertadria.com\/shop\/ca\/product\/tickets-evolution-english-version\/","title":{"rendered":"Tickets Evolution (Edici\u00f3 en angl\u00e8s)"},"content":{"rendered":"<p><em><strong>Tickets Evolution.<\/strong><\/em> Al restaurant Tickets no hi ha lloc per a l\u2019avorriment, nom\u00e9s hi ha la complicitat i la bona companyia. \u00c9s m\u00e9s, la diversi\u00f3 com a ingredient imprescindible a la cuina ha marcat el car\u00e0cter del restaurant des que Albert Adri\u00e0 i els germans Iglesias, Pedro, Borja i Juan Carlos, l\u2019obrissin el 2011. En aquests anys s\u2019ha convertit en un referent de la restauraci\u00f3 a Barcelona i la seva cuina ha evolucionat de manera evident sense perdre gens ni mica de frescor i m\u00e0gia. Avui els seus plats han superat amb escreix el concepte de tapa. Aix\u00ed que aix\u00f2 no \u00e9s un llibre de tapes!<\/p>\n<p>Albert Adri\u00e0 ens torna a convidar a traspassar les portes del Tickets, on el comensal es convertir\u00e0 en int\u00e8rpret d\u2019una pel\u00b7l\u00edcula, d\u2019un vodevil de circ o d\u2019una revista de coristes. L\u2019arbre de maduixes amb flor de sa\u00fcc i kimchi, el p\u00f2rex de Kalix, la gamba marinada a la sal gelada, l\u2019esponja de safr\u00e0 amb sopa de pa, el pollastre can\u00edbal amb os de iuca o les seves propostes amb ostres, com la cuinada a la brasa amb te de trompetes de la mort, s\u00f3n nom\u00e9s una mostra dels gaireb\u00e9 100 plats els secrets dels quals ens s\u00f3n revelats en aquest llibre.<\/p>\n<p>.<\/p>\n<p>&nbsp;<\/p>\n<p>272 p\u00e0gines<\/p>\n<p>215 x 269 mm<\/p>\n<p>Tapa dura<\/p>\n<p>ISBN: 978-84-1132-818-0<\/p>\n","protected":false},"excerpt":{"rendered":"<p>Tickets Evolution. Al restaurant Tickets no hi ha lloc per a l\u2019avorriment, nom\u00e9s hi ha la complicitat i la bona companyia. \u00c9s m\u00e9s, la diversi\u00f3 com a ingredient imprescindible a la cuina ha marcat el car\u00e0cter del restaurant des que Albert Adri\u00e0 i els germans Iglesias, Pedro, Borja i Juan Carlos, l\u2019obrissin el 2011. En [&hellip;]<\/p>\n","protected":false},"featured_media":162,"template":"","meta":{"_acf_changed":false},"product_brand":[],"product_cat":[100],"product_tag":[],"class_list":{"0":"post-236","1":"product","2":"type-product","3":"status-publish","4":"has-post-thumbnail","6":"product_cat-uncategorized-ca","8":"first","9":"instock","10":"taxable","11":"shipping-taxable","12":"purchasable","13":"product-type-simple"},"acf":[],"yoast_head":"<!-- This site is optimized with the Yoast SEO plugin v26.3 - https:\/\/yoast.com\/wordpress\/plugins\/seo\/ -->\n<title>Tickets Evolution (Edici\u00f3 en angl\u00e8s) - Albert Adri\u00e0 - Shop<\/title>\n<meta name=\"description\" content=\"ens torna a traspassar les portes del Tickets, una mostra dels gaireb\u00e9 100 plats els secrets dels quals ens s\u00f3n revelats en aquest llibre.\" \/>\n<meta name=\"robots\" content=\"index, follow, max-snippet:-1, max-image-preview:large, max-video-preview:-1\" \/>\n<link rel=\"canonical\" href=\"https:\/\/albertadria.com\/shop\/ca\/product\/tickets-evolution-english-version\/\" \/>\n<meta property=\"og:locale\" content=\"en_US\" \/>\n<meta property=\"og:type\" content=\"article\" \/>\n<meta property=\"og:title\" content=\"Tickets Evolution (Edici\u00f3 en angl\u00e8s) - Albert Adri\u00e0 - Shop\" \/>\n<meta property=\"og:description\" content=\"ens torna a traspassar les portes del Tickets, una mostra dels gaireb\u00e9 100 plats els secrets dels quals ens s\u00f3n revelats en aquest llibre.\" \/>\n<meta property=\"og:url\" content=\"https:\/\/albertadria.com\/shop\/ca\/product\/tickets-evolution-english-version\/\" \/>\n<meta property=\"og:site_name\" content=\"Albert Adri\u00e0 - Shop\" \/>\n<meta property=\"article:modified_time\" content=\"2024-11-11T10:45:32+00:00\" \/>\n<meta property=\"og:image\" content=\"https:\/\/albertadria.com\/shop\/wp-content\/uploads\/sites\/3\/2023\/02\/Frontalticketsevolutioningles.jpg\" \/>\n\t<meta property=\"og:image:width\" content=\"1003\" \/>\n\t<meta property=\"og:image:height\" content=\"1086\" \/>\n\t<meta property=\"og:image:type\" content=\"image\/jpeg\" \/>\n<meta name=\"twitter:card\" content=\"summary_large_image\" \/>\n<meta name=\"twitter:label1\" content=\"Est. reading time\" \/>\n\t<meta name=\"twitter:data1\" content=\"1 minute\" \/>\n<script type=\"application\/ld+json\" class=\"yoast-schema-graph\">{\"@context\":\"https:\/\/schema.org\",\"@graph\":[{\"@type\":\"WebPage\",\"@id\":\"https:\/\/albertadria.com\/shop\/ca\/product\/tickets-evolution-english-version\/\",\"url\":\"https:\/\/albertadria.com\/shop\/ca\/product\/tickets-evolution-english-version\/\",\"name\":\"Tickets Evolution (Edici\u00f3 en angl\u00e8s) - Albert Adri\u00e0 - Shop\",\"isPartOf\":{\"@id\":\"https:\/\/albertadria.com\/shop\/#website\"},\"primaryImageOfPage\":{\"@id\":\"https:\/\/albertadria.com\/shop\/ca\/product\/tickets-evolution-english-version\/#primaryimage\"},\"image\":{\"@id\":\"https:\/\/albertadria.com\/shop\/ca\/product\/tickets-evolution-english-version\/#primaryimage\"},\"thumbnailUrl\":\"https:\/\/albertadria.com\/shop\/wp-content\/uploads\/sites\/3\/2023\/02\/Frontalticketsevolutioningles.jpg\",\"datePublished\":\"2023-05-23T16:24:47+00:00\",\"dateModified\":\"2024-11-11T10:45:32+00:00\",\"description\":\"ens torna a traspassar les portes del Tickets, una mostra dels gaireb\u00e9 100 plats els secrets dels quals ens s\u00f3n revelats en aquest llibre.\",\"breadcrumb\":{\"@id\":\"https:\/\/albertadria.com\/shop\/ca\/product\/tickets-evolution-english-version\/#breadcrumb\"},\"inLanguage\":\"en-US\",\"potentialAction\":[{\"@type\":\"ReadAction\",\"target\":[\"https:\/\/albertadria.com\/shop\/ca\/product\/tickets-evolution-english-version\/\"]}]},{\"@type\":\"ImageObject\",\"inLanguage\":\"en-US\",\"@id\":\"https:\/\/albertadria.com\/shop\/ca\/product\/tickets-evolution-english-version\/#primaryimage\",\"url\":\"https:\/\/albertadria.com\/shop\/wp-content\/uploads\/sites\/3\/2023\/02\/Frontalticketsevolutioningles.jpg\",\"contentUrl\":\"https:\/\/albertadria.com\/shop\/wp-content\/uploads\/sites\/3\/2023\/02\/Frontalticketsevolutioningles.jpg\",\"width\":1003,\"height\":1086},{\"@type\":\"BreadcrumbList\",\"@id\":\"https:\/\/albertadria.com\/shop\/ca\/product\/tickets-evolution-english-version\/#breadcrumb\",\"itemListElement\":[{\"@type\":\"ListItem\",\"position\":1,\"name\":\"Home\",\"item\":\"https:\/\/albertadria.com\/shop\/\"},{\"@type\":\"ListItem\",\"position\":2,\"name\":\"Shop\",\"item\":\"https:\/\/albertadria.com\/shop\/\"},{\"@type\":\"ListItem\",\"position\":3,\"name\":\"Tickets Evolution (Edici\u00f3 en angl\u00e8s)\"}]},{\"@type\":\"WebSite\",\"@id\":\"https:\/\/albertadria.com\/shop\/#website\",\"url\":\"https:\/\/albertadria.com\/shop\/\",\"name\":\"Albert Adri\u00e0 - Shop\",\"description\":\"\",\"potentialAction\":[{\"@type\":\"SearchAction\",\"target\":{\"@type\":\"EntryPoint\",\"urlTemplate\":\"https:\/\/albertadria.com\/shop\/?s={search_term_string}\"},\"query-input\":{\"@type\":\"PropertyValueSpecification\",\"valueRequired\":true,\"valueName\":\"search_term_string\"}}],\"inLanguage\":\"en-US\"}]}<\/script>\n<!-- \/ Yoast SEO plugin. -->","yoast_head_json":{"title":"Tickets Evolution (Edici\u00f3 en angl\u00e8s) - Albert Adri\u00e0 - Shop","description":"ens torna a traspassar les portes del Tickets, una mostra dels gaireb\u00e9 100 plats els secrets dels quals ens s\u00f3n revelats en aquest llibre.","robots":{"index":"index","follow":"follow","max-snippet":"max-snippet:-1","max-image-preview":"max-image-preview:large","max-video-preview":"max-video-preview:-1"},"canonical":"https:\/\/albertadria.com\/shop\/ca\/product\/tickets-evolution-english-version\/","og_locale":"en_US","og_type":"article","og_title":"Tickets Evolution (Edici\u00f3 en angl\u00e8s) - Albert Adri\u00e0 - Shop","og_description":"ens torna a traspassar les portes del Tickets, una mostra dels gaireb\u00e9 100 plats els secrets dels quals ens s\u00f3n revelats en aquest llibre.","og_url":"https:\/\/albertadria.com\/shop\/ca\/product\/tickets-evolution-english-version\/","og_site_name":"Albert Adri\u00e0 - Shop","article_modified_time":"2024-11-11T10:45:32+00:00","og_image":[{"width":1003,"height":1086,"url":"https:\/\/albertadria.com\/shop\/wp-content\/uploads\/sites\/3\/2023\/02\/Frontalticketsevolutioningles.jpg","type":"image\/jpeg"}],"twitter_card":"summary_large_image","twitter_misc":{"Est. reading time":"1 minute"},"schema":{"@context":"https:\/\/schema.org","@graph":[{"@type":"WebPage","@id":"https:\/\/albertadria.com\/shop\/ca\/product\/tickets-evolution-english-version\/","url":"https:\/\/albertadria.com\/shop\/ca\/product\/tickets-evolution-english-version\/","name":"Tickets Evolution (Edici\u00f3 en angl\u00e8s) - Albert Adri\u00e0 - Shop","isPartOf":{"@id":"https:\/\/albertadria.com\/shop\/#website"},"primaryImageOfPage":{"@id":"https:\/\/albertadria.com\/shop\/ca\/product\/tickets-evolution-english-version\/#primaryimage"},"image":{"@id":"https:\/\/albertadria.com\/shop\/ca\/product\/tickets-evolution-english-version\/#primaryimage"},"thumbnailUrl":"https:\/\/albertadria.com\/shop\/wp-content\/uploads\/sites\/3\/2023\/02\/Frontalticketsevolutioningles.jpg","datePublished":"2023-05-23T16:24:47+00:00","dateModified":"2024-11-11T10:45:32+00:00","description":"ens torna a traspassar les portes del Tickets, una mostra dels gaireb\u00e9 100 plats els secrets dels quals ens s\u00f3n revelats en aquest llibre.","breadcrumb":{"@id":"https:\/\/albertadria.com\/shop\/ca\/product\/tickets-evolution-english-version\/#breadcrumb"},"inLanguage":"en-US","potentialAction":[{"@type":"ReadAction","target":["https:\/\/albertadria.com\/shop\/ca\/product\/tickets-evolution-english-version\/"]}]},{"@type":"ImageObject","inLanguage":"en-US","@id":"https:\/\/albertadria.com\/shop\/ca\/product\/tickets-evolution-english-version\/#primaryimage","url":"https:\/\/albertadria.com\/shop\/wp-content\/uploads\/sites\/3\/2023\/02\/Frontalticketsevolutioningles.jpg","contentUrl":"https:\/\/albertadria.com\/shop\/wp-content\/uploads\/sites\/3\/2023\/02\/Frontalticketsevolutioningles.jpg","width":1003,"height":1086},{"@type":"BreadcrumbList","@id":"https:\/\/albertadria.com\/shop\/ca\/product\/tickets-evolution-english-version\/#breadcrumb","itemListElement":[{"@type":"ListItem","position":1,"name":"Home","item":"https:\/\/albertadria.com\/shop\/"},{"@type":"ListItem","position":2,"name":"Shop","item":"https:\/\/albertadria.com\/shop\/"},{"@type":"ListItem","position":3,"name":"Tickets Evolution (Edici\u00f3 en angl\u00e8s)"}]},{"@type":"WebSite","@id":"https:\/\/albertadria.com\/shop\/#website","url":"https:\/\/albertadria.com\/shop\/","name":"Albert Adri\u00e0 - Shop","description":"","potentialAction":[{"@type":"SearchAction","target":{"@type":"EntryPoint","urlTemplate":"https:\/\/albertadria.com\/shop\/?s={search_term_string}"},"query-input":{"@type":"PropertyValueSpecification","valueRequired":true,"valueName":"search_term_string"}}],"inLanguage":"en-US"}]}},"_links":{"self":[{"href":"https:\/\/albertadria.com\/shop\/wp-json\/wp\/v2\/product\/236","targetHints":{"allow":["GET"]}}],"collection":[{"href":"https:\/\/albertadria.com\/shop\/wp-json\/wp\/v2\/product"}],"about":[{"href":"https:\/\/albertadria.com\/shop\/wp-json\/wp\/v2\/types\/product"}],"wp:featuredmedia":[{"embeddable":true,"href":"https:\/\/albertadria.com\/shop\/wp-json\/wp\/v2\/media\/162"}],"wp:attachment":[{"href":"https:\/\/albertadria.com\/shop\/wp-json\/wp\/v2\/media?parent=236"}],"wp:term":[{"taxonomy":"product_brand","embeddable":true,"href":"https:\/\/albertadria.com\/shop\/wp-json\/wp\/v2\/product_brand?post=236"},{"taxonomy":"product_cat","embeddable":true,"href":"https:\/\/albertadria.com\/shop\/wp-json\/wp\/v2\/product_cat?post=236"},{"taxonomy":"product_tag","embeddable":true,"href":"https:\/\/albertadria.com\/shop\/wp-json\/wp\/v2\/product_tag?post=236"}],"curies":[{"name":"wp","href":"https:\/\/api.w.org\/{rel}","templated":true}]}}