{"id":268,"date":"2023-05-25T11:00:18","date_gmt":"2023-05-25T09:00:18","guid":{"rendered":"https:\/\/albertadria.com\/shop\/?post_type=product&#038;p=268"},"modified":"2026-03-06T12:50:29","modified_gmt":"2026-03-06T11:50:29","slug":"vegetales-a-todo-color-2","status":"publish","type":"product","link":"https:\/\/albertadria.com\/shop\/ca\/product\/vegetales-a-todo-color-2\/","title":{"rendered":"Vegetales a todo color"},"content":{"rendered":"<p><strong><em>Vegetales a todo color. <\/em><\/strong>Sempre \u00e0vid d&#8217;explorar diferents estils, Albert Adri\u00e0 ens ofereix aquesta vegada la seva interpretaci\u00f3 de la cuina elaborada amb vegetals, que inclou plats del nostre receptari m\u00e9s proper i tamb\u00e9 de les gastronomies de tot el m\u00f3n. Per aquest llibre ha seleccionat receptes f\u00e0cils, amb ingredients escollits, que ha adaptat la seva manera personal d&#8217;entendre la cuina. Aquests vegetals aconseguiran que ampli\u00efs el teu ventall d&#8217;elaboracions i li perdis la por de preparar el br\u00f2quil, la carbassa o els espinacs, entre altres ingredients que, generalment, aterren la fam\u00edlia.<\/p>\n<p>Cuina del\u00edcies vegetarianes de la m\u00e0 del xef m\u00e9s creatiu.<\/p>\n<p>.<\/p>\n<p>224 p\u00e0gines<\/p>\n<p>194 x 240 mm<\/p>\n<p>Tapa dura<\/p>\n<p>ISBN: 978-84-91-87649-6<\/p>\n","protected":false},"excerpt":{"rendered":"<p>Vegetales a todo color. Sempre \u00e0vid d&#8217;explorar diferents estils, Albert Adri\u00e0 ens ofereix aquesta vegada la seva interpretaci\u00f3 de la cuina elaborada amb vegetals, que inclou plats del nostre receptari m\u00e9s proper i tamb\u00e9 de les gastronomies de tot el m\u00f3n. Per aquest llibre ha seleccionat receptes f\u00e0cils, amb ingredients escollits, que ha adaptat la [&hellip;]<\/p>\n","protected":false},"featured_media":159,"template":"","meta":{"_acf_changed":false},"product_brand":[],"product_cat":[100],"product_tag":[],"class_list":{"0":"post-268","1":"product","2":"type-product","3":"status-publish","4":"has-post-thumbnail","6":"product_cat-uncategorized-ca","8":"first","9":"instock","10":"taxable","11":"shipping-taxable","12":"purchasable","13":"product-type-simple"},"acf":[],"yoast_head":"<!-- This site is optimized with the Yoast SEO plugin v26.3 - https:\/\/yoast.com\/wordpress\/plugins\/seo\/ -->\n<title>Vegetales a todo color - Albert Adri\u00e0 - Shop<\/title>\n<meta name=\"description\" content=\"Sempre \u00e0vid d&#039;explorar diferents estils, Albert Adri\u00e0 ens ofereix aquesta vegada la seva interpretaci\u00f3 de la cuina elaborada amb vegetals.\" \/>\n<meta name=\"robots\" content=\"index, follow, max-snippet:-1, max-image-preview:large, max-video-preview:-1\" \/>\n<link rel=\"canonical\" href=\"https:\/\/albertadria.com\/shop\/ca\/product\/vegetales-a-todo-color-2\/\" \/>\n<meta property=\"og:locale\" content=\"en_US\" \/>\n<meta property=\"og:type\" content=\"article\" \/>\n<meta property=\"og:title\" content=\"Vegetales a todo color - Albert Adri\u00e0 - Shop\" \/>\n<meta property=\"og:description\" content=\"Sempre \u00e0vid d&#039;explorar diferents estils, Albert Adri\u00e0 ens ofereix aquesta vegada la seva interpretaci\u00f3 de la cuina elaborada amb vegetals.\" \/>\n<meta property=\"og:url\" content=\"https:\/\/albertadria.com\/shop\/ca\/product\/vegetales-a-todo-color-2\/\" \/>\n<meta property=\"og:site_name\" content=\"Albert Adri\u00e0 - Shop\" \/>\n<meta property=\"article:modified_time\" content=\"2026-03-06T11:50:29+00:00\" \/>\n<meta property=\"og:image\" content=\"https:\/\/albertadria.com\/shop\/wp-content\/uploads\/sites\/3\/2023\/02\/FrontalVegetalesatodocolor.jpg\" \/>\n\t<meta property=\"og:image:width\" content=\"1008\" \/>\n\t<meta property=\"og:image:height\" content=\"1086\" \/>\n\t<meta property=\"og:image:type\" content=\"image\/jpeg\" \/>\n<meta name=\"twitter:card\" content=\"summary_large_image\" \/>\n<meta name=\"twitter:label1\" content=\"Est. reading time\" \/>\n\t<meta name=\"twitter:data1\" content=\"1 minute\" \/>\n<script type=\"application\/ld+json\" class=\"yoast-schema-graph\">{\"@context\":\"https:\/\/schema.org\",\"@graph\":[{\"@type\":\"WebPage\",\"@id\":\"https:\/\/albertadria.com\/shop\/ca\/product\/vegetales-a-todo-color-2\/\",\"url\":\"https:\/\/albertadria.com\/shop\/ca\/product\/vegetales-a-todo-color-2\/\",\"name\":\"Vegetales a todo color - Albert Adri\u00e0 - Shop\",\"isPartOf\":{\"@id\":\"https:\/\/albertadria.com\/shop\/#website\"},\"primaryImageOfPage\":{\"@id\":\"https:\/\/albertadria.com\/shop\/ca\/product\/vegetales-a-todo-color-2\/#primaryimage\"},\"image\":{\"@id\":\"https:\/\/albertadria.com\/shop\/ca\/product\/vegetales-a-todo-color-2\/#primaryimage\"},\"thumbnailUrl\":\"https:\/\/albertadria.com\/shop\/wp-content\/uploads\/sites\/3\/2023\/02\/FrontalVegetalesatodocolor.jpg\",\"datePublished\":\"2023-05-25T09:00:18+00:00\",\"dateModified\":\"2026-03-06T11:50:29+00:00\",\"description\":\"Sempre \u00e0vid d'explorar diferents estils, Albert Adri\u00e0 ens ofereix aquesta vegada la seva interpretaci\u00f3 de la cuina elaborada amb vegetals.\",\"breadcrumb\":{\"@id\":\"https:\/\/albertadria.com\/shop\/ca\/product\/vegetales-a-todo-color-2\/#breadcrumb\"},\"inLanguage\":\"en-US\",\"potentialAction\":[{\"@type\":\"ReadAction\",\"target\":[\"https:\/\/albertadria.com\/shop\/ca\/product\/vegetales-a-todo-color-2\/\"]}]},{\"@type\":\"ImageObject\",\"inLanguage\":\"en-US\",\"@id\":\"https:\/\/albertadria.com\/shop\/ca\/product\/vegetales-a-todo-color-2\/#primaryimage\",\"url\":\"https:\/\/albertadria.com\/shop\/wp-content\/uploads\/sites\/3\/2023\/02\/FrontalVegetalesatodocolor.jpg\",\"contentUrl\":\"https:\/\/albertadria.com\/shop\/wp-content\/uploads\/sites\/3\/2023\/02\/FrontalVegetalesatodocolor.jpg\",\"width\":1008,\"height\":1086},{\"@type\":\"BreadcrumbList\",\"@id\":\"https:\/\/albertadria.com\/shop\/ca\/product\/vegetales-a-todo-color-2\/#breadcrumb\",\"itemListElement\":[{\"@type\":\"ListItem\",\"position\":1,\"name\":\"Home\",\"item\":\"https:\/\/albertadria.com\/shop\/\"},{\"@type\":\"ListItem\",\"position\":2,\"name\":\"Shop\",\"item\":\"https:\/\/albertadria.com\/shop\/\"},{\"@type\":\"ListItem\",\"position\":3,\"name\":\"Vegetales a todo color\"}]},{\"@type\":\"WebSite\",\"@id\":\"https:\/\/albertadria.com\/shop\/#website\",\"url\":\"https:\/\/albertadria.com\/shop\/\",\"name\":\"Albert Adri\u00e0 - Shop\",\"description\":\"\",\"potentialAction\":[{\"@type\":\"SearchAction\",\"target\":{\"@type\":\"EntryPoint\",\"urlTemplate\":\"https:\/\/albertadria.com\/shop\/?s={search_term_string}\"},\"query-input\":{\"@type\":\"PropertyValueSpecification\",\"valueRequired\":true,\"valueName\":\"search_term_string\"}}],\"inLanguage\":\"en-US\"}]}<\/script>\n<!-- \/ Yoast SEO plugin. -->","yoast_head_json":{"title":"Vegetales a todo color - Albert Adri\u00e0 - Shop","description":"Sempre \u00e0vid d'explorar diferents estils, Albert Adri\u00e0 ens ofereix aquesta vegada la seva interpretaci\u00f3 de la cuina elaborada amb vegetals.","robots":{"index":"index","follow":"follow","max-snippet":"max-snippet:-1","max-image-preview":"max-image-preview:large","max-video-preview":"max-video-preview:-1"},"canonical":"https:\/\/albertadria.com\/shop\/ca\/product\/vegetales-a-todo-color-2\/","og_locale":"en_US","og_type":"article","og_title":"Vegetales a todo color - Albert Adri\u00e0 - Shop","og_description":"Sempre \u00e0vid d'explorar diferents estils, Albert Adri\u00e0 ens ofereix aquesta vegada la seva interpretaci\u00f3 de la cuina elaborada amb vegetals.","og_url":"https:\/\/albertadria.com\/shop\/ca\/product\/vegetales-a-todo-color-2\/","og_site_name":"Albert Adri\u00e0 - Shop","article_modified_time":"2026-03-06T11:50:29+00:00","og_image":[{"width":1008,"height":1086,"url":"https:\/\/albertadria.com\/shop\/wp-content\/uploads\/sites\/3\/2023\/02\/FrontalVegetalesatodocolor.jpg","type":"image\/jpeg"}],"twitter_card":"summary_large_image","twitter_misc":{"Est. reading time":"1 minute"},"schema":{"@context":"https:\/\/schema.org","@graph":[{"@type":"WebPage","@id":"https:\/\/albertadria.com\/shop\/ca\/product\/vegetales-a-todo-color-2\/","url":"https:\/\/albertadria.com\/shop\/ca\/product\/vegetales-a-todo-color-2\/","name":"Vegetales a todo color - Albert Adri\u00e0 - Shop","isPartOf":{"@id":"https:\/\/albertadria.com\/shop\/#website"},"primaryImageOfPage":{"@id":"https:\/\/albertadria.com\/shop\/ca\/product\/vegetales-a-todo-color-2\/#primaryimage"},"image":{"@id":"https:\/\/albertadria.com\/shop\/ca\/product\/vegetales-a-todo-color-2\/#primaryimage"},"thumbnailUrl":"https:\/\/albertadria.com\/shop\/wp-content\/uploads\/sites\/3\/2023\/02\/FrontalVegetalesatodocolor.jpg","datePublished":"2023-05-25T09:00:18+00:00","dateModified":"2026-03-06T11:50:29+00:00","description":"Sempre \u00e0vid d'explorar diferents estils, Albert Adri\u00e0 ens ofereix aquesta vegada la seva interpretaci\u00f3 de la cuina elaborada amb vegetals.","breadcrumb":{"@id":"https:\/\/albertadria.com\/shop\/ca\/product\/vegetales-a-todo-color-2\/#breadcrumb"},"inLanguage":"en-US","potentialAction":[{"@type":"ReadAction","target":["https:\/\/albertadria.com\/shop\/ca\/product\/vegetales-a-todo-color-2\/"]}]},{"@type":"ImageObject","inLanguage":"en-US","@id":"https:\/\/albertadria.com\/shop\/ca\/product\/vegetales-a-todo-color-2\/#primaryimage","url":"https:\/\/albertadria.com\/shop\/wp-content\/uploads\/sites\/3\/2023\/02\/FrontalVegetalesatodocolor.jpg","contentUrl":"https:\/\/albertadria.com\/shop\/wp-content\/uploads\/sites\/3\/2023\/02\/FrontalVegetalesatodocolor.jpg","width":1008,"height":1086},{"@type":"BreadcrumbList","@id":"https:\/\/albertadria.com\/shop\/ca\/product\/vegetales-a-todo-color-2\/#breadcrumb","itemListElement":[{"@type":"ListItem","position":1,"name":"Home","item":"https:\/\/albertadria.com\/shop\/"},{"@type":"ListItem","position":2,"name":"Shop","item":"https:\/\/albertadria.com\/shop\/"},{"@type":"ListItem","position":3,"name":"Vegetales a todo color"}]},{"@type":"WebSite","@id":"https:\/\/albertadria.com\/shop\/#website","url":"https:\/\/albertadria.com\/shop\/","name":"Albert Adri\u00e0 - Shop","description":"","potentialAction":[{"@type":"SearchAction","target":{"@type":"EntryPoint","urlTemplate":"https:\/\/albertadria.com\/shop\/?s={search_term_string}"},"query-input":{"@type":"PropertyValueSpecification","valueRequired":true,"valueName":"search_term_string"}}],"inLanguage":"en-US"}]}},"_links":{"self":[{"href":"https:\/\/albertadria.com\/shop\/wp-json\/wp\/v2\/product\/268","targetHints":{"allow":["GET"]}}],"collection":[{"href":"https:\/\/albertadria.com\/shop\/wp-json\/wp\/v2\/product"}],"about":[{"href":"https:\/\/albertadria.com\/shop\/wp-json\/wp\/v2\/types\/product"}],"wp:featuredmedia":[{"embeddable":true,"href":"https:\/\/albertadria.com\/shop\/wp-json\/wp\/v2\/media\/159"}],"wp:attachment":[{"href":"https:\/\/albertadria.com\/shop\/wp-json\/wp\/v2\/media?parent=268"}],"wp:term":[{"taxonomy":"product_brand","embeddable":true,"href":"https:\/\/albertadria.com\/shop\/wp-json\/wp\/v2\/product_brand?post=268"},{"taxonomy":"product_cat","embeddable":true,"href":"https:\/\/albertadria.com\/shop\/wp-json\/wp\/v2\/product_cat?post=268"},{"taxonomy":"product_tag","embeddable":true,"href":"https:\/\/albertadria.com\/shop\/wp-json\/wp\/v2\/product_tag?post=268"}],"curies":[{"name":"wp","href":"https:\/\/api.w.org\/{rel}","templated":true}]}}