{"id":451,"date":"2023-05-19T17:48:32","date_gmt":"2023-05-19T15:48:32","guid":{"rendered":"https:\/\/albertadria.com\/shop\/?post_type=product&#038;p=451"},"modified":"2023-05-26T14:56:17","modified_gmt":"2023-05-26T12:56:17","slug":"natura-albert-adria","status":"publish","type":"product","link":"https:\/\/albertadria.com\/shop\/es\/product\/natura-albert-adria\/","title":{"rendered":"Natura"},"content":{"rendered":"<p><strong><em>Natura.\u00a0 <\/em><\/strong> Natura\u00a0es el proyecto so\u00f1ado de Albert Adri\u00e0, un camino que le ha llevado a investigar durante dos a\u00f1os y medio nuevas maneras de expresarse a trav\u00e9s de la elaboraci\u00f3n de postres. El resultado son 49 postres para los que se ha inspirado en la naturaleza.\u00a0Natura\u00a0es el fruto de una &#8220;joven madurez&#8221;, de 23 a\u00f1os en esta profesi\u00f3n exigente y apasionante al mismo tiempo. Como el mismo autor comenta: &#8220;No pretendo que\u00a0Natura\u00a0sea un estilo o una l\u00ednea de trabajo. Si este libro puede servir para que los profesionales se sientan orgullosos de ejercer este oficio, me vale y me sobra.&#8221;<\/p>\n<p>&nbsp;<\/p>\n<p>152 p\u00e1ginas<\/p>\n<p>255 x 307 mm<\/p>\n<p>Tapa dura<\/p>\n<p>ISBN: 978-8498673487<\/p>\n","protected":false},"excerpt":{"rendered":"<p>Natura.\u00a0 Natura\u00a0es el proyecto so\u00f1ado de Albert Adri\u00e0, un camino que le ha llevado a investigar durante dos a\u00f1os y medio nuevas maneras de expresarse a trav\u00e9s de la elaboraci\u00f3n de postres. El resultado son 49 postres para los que se ha inspirado en la naturaleza.\u00a0Natura\u00a0es el fruto de una &#8220;joven madurez&#8221;, de 23 a\u00f1os [&hellip;]<\/p>\n","protected":false},"featured_media":454,"template":"","meta":{"_acf_changed":false},"product_brand":[],"product_cat":[98],"product_tag":[],"class_list":{"0":"post-451","1":"product","2":"type-product","3":"status-publish","4":"has-post-thumbnail","6":"product_cat-uncategorized-es","8":"first","9":"outofstock","10":"taxable","11":"shipping-taxable","12":"product-type-simple"},"acf":[],"yoast_head":"<!-- This site is optimized with the Yoast SEO plugin v26.3 - https:\/\/yoast.com\/wordpress\/plugins\/seo\/ -->\n<title>Natura - Albert Adri\u00e0 - Shop<\/title>\n<meta name=\"description\" content=\"Natura\u00a0un camino que le ha llevado a investigar durante dos a\u00f1os y medio nuevas maneras de expresarse a trav\u00e9s de la elaboraci\u00f3n de postres.\" \/>\n<meta name=\"robots\" content=\"index, follow, max-snippet:-1, max-image-preview:large, max-video-preview:-1\" \/>\n<link rel=\"canonical\" href=\"https:\/\/albertadria.com\/shop\/es\/product\/natura-albert-adria\/\" \/>\n<meta property=\"og:locale\" content=\"en_US\" \/>\n<meta property=\"og:type\" content=\"article\" \/>\n<meta property=\"og:title\" content=\"Natura - Albert Adri\u00e0 - Shop\" \/>\n<meta property=\"og:description\" content=\"Natura\u00a0un camino que le ha llevado a investigar durante dos a\u00f1os y medio nuevas maneras de expresarse a trav\u00e9s de la elaboraci\u00f3n de postres.\" \/>\n<meta property=\"og:url\" content=\"https:\/\/albertadria.com\/shop\/es\/product\/natura-albert-adria\/\" \/>\n<meta property=\"og:site_name\" content=\"Albert Adri\u00e0 - Shop\" \/>\n<meta property=\"article:modified_time\" content=\"2023-05-26T12:56:17+00:00\" \/>\n<meta property=\"og:image\" content=\"https:\/\/albertadria.com\/shop\/wp-content\/uploads\/sites\/3\/2023\/05\/natura-2-800x739-1.jpeg\" \/>\n\t<meta property=\"og:image:width\" content=\"800\" \/>\n\t<meta property=\"og:image:height\" content=\"739\" \/>\n\t<meta property=\"og:image:type\" content=\"image\/jpeg\" \/>\n<meta name=\"twitter:card\" content=\"summary_large_image\" \/>\n<meta name=\"twitter:label1\" content=\"Est. reading time\" \/>\n\t<meta name=\"twitter:data1\" content=\"1 minute\" \/>\n<script type=\"application\/ld+json\" class=\"yoast-schema-graph\">{\"@context\":\"https:\/\/schema.org\",\"@graph\":[{\"@type\":\"WebPage\",\"@id\":\"https:\/\/albertadria.com\/shop\/es\/product\/natura-albert-adria\/\",\"url\":\"https:\/\/albertadria.com\/shop\/es\/product\/natura-albert-adria\/\",\"name\":\"Natura - Albert Adri\u00e0 - Shop\",\"isPartOf\":{\"@id\":\"https:\/\/albertadria.com\/shop\/#website\"},\"primaryImageOfPage\":{\"@id\":\"https:\/\/albertadria.com\/shop\/es\/product\/natura-albert-adria\/#primaryimage\"},\"image\":{\"@id\":\"https:\/\/albertadria.com\/shop\/es\/product\/natura-albert-adria\/#primaryimage\"},\"thumbnailUrl\":\"https:\/\/albertadria.com\/shop\/wp-content\/uploads\/sites\/3\/2023\/05\/natura-2-800x739-1.jpeg\",\"datePublished\":\"2023-05-19T15:48:32+00:00\",\"dateModified\":\"2023-05-26T12:56:17+00:00\",\"description\":\"Natura\u00a0un camino que le ha llevado a investigar durante dos a\u00f1os y medio nuevas maneras de expresarse a trav\u00e9s de la elaboraci\u00f3n de postres.\",\"breadcrumb\":{\"@id\":\"https:\/\/albertadria.com\/shop\/es\/product\/natura-albert-adria\/#breadcrumb\"},\"inLanguage\":\"en-US\",\"potentialAction\":[{\"@type\":\"ReadAction\",\"target\":[\"https:\/\/albertadria.com\/shop\/es\/product\/natura-albert-adria\/\"]}]},{\"@type\":\"ImageObject\",\"inLanguage\":\"en-US\",\"@id\":\"https:\/\/albertadria.com\/shop\/es\/product\/natura-albert-adria\/#primaryimage\",\"url\":\"https:\/\/albertadria.com\/shop\/wp-content\/uploads\/sites\/3\/2023\/05\/natura-2-800x739-1.jpeg\",\"contentUrl\":\"https:\/\/albertadria.com\/shop\/wp-content\/uploads\/sites\/3\/2023\/05\/natura-2-800x739-1.jpeg\",\"width\":800,\"height\":739},{\"@type\":\"BreadcrumbList\",\"@id\":\"https:\/\/albertadria.com\/shop\/es\/product\/natura-albert-adria\/#breadcrumb\",\"itemListElement\":[{\"@type\":\"ListItem\",\"position\":1,\"name\":\"Home\",\"item\":\"https:\/\/albertadria.com\/shop\/\"},{\"@type\":\"ListItem\",\"position\":2,\"name\":\"Shop\",\"item\":\"https:\/\/albertadria.com\/shop\/\"},{\"@type\":\"ListItem\",\"position\":3,\"name\":\"Natura\"}]},{\"@type\":\"WebSite\",\"@id\":\"https:\/\/albertadria.com\/shop\/#website\",\"url\":\"https:\/\/albertadria.com\/shop\/\",\"name\":\"Albert Adri\u00e0 - Shop\",\"description\":\"\",\"potentialAction\":[{\"@type\":\"SearchAction\",\"target\":{\"@type\":\"EntryPoint\",\"urlTemplate\":\"https:\/\/albertadria.com\/shop\/?s={search_term_string}\"},\"query-input\":{\"@type\":\"PropertyValueSpecification\",\"valueRequired\":true,\"valueName\":\"search_term_string\"}}],\"inLanguage\":\"en-US\"}]}<\/script>\n<!-- \/ Yoast SEO plugin. -->","yoast_head_json":{"title":"Natura - Albert Adri\u00e0 - Shop","description":"Natura\u00a0un camino que le ha llevado a investigar durante dos a\u00f1os y medio nuevas maneras de expresarse a trav\u00e9s de la elaboraci\u00f3n de postres.","robots":{"index":"index","follow":"follow","max-snippet":"max-snippet:-1","max-image-preview":"max-image-preview:large","max-video-preview":"max-video-preview:-1"},"canonical":"https:\/\/albertadria.com\/shop\/es\/product\/natura-albert-adria\/","og_locale":"en_US","og_type":"article","og_title":"Natura - Albert Adri\u00e0 - Shop","og_description":"Natura\u00a0un camino que le ha llevado a investigar durante dos a\u00f1os y medio nuevas maneras de expresarse a trav\u00e9s de la elaboraci\u00f3n de postres.","og_url":"https:\/\/albertadria.com\/shop\/es\/product\/natura-albert-adria\/","og_site_name":"Albert Adri\u00e0 - Shop","article_modified_time":"2023-05-26T12:56:17+00:00","og_image":[{"width":800,"height":739,"url":"https:\/\/albertadria.com\/shop\/wp-content\/uploads\/sites\/3\/2023\/05\/natura-2-800x739-1.jpeg","type":"image\/jpeg"}],"twitter_card":"summary_large_image","twitter_misc":{"Est. reading time":"1 minute"},"schema":{"@context":"https:\/\/schema.org","@graph":[{"@type":"WebPage","@id":"https:\/\/albertadria.com\/shop\/es\/product\/natura-albert-adria\/","url":"https:\/\/albertadria.com\/shop\/es\/product\/natura-albert-adria\/","name":"Natura - Albert Adri\u00e0 - Shop","isPartOf":{"@id":"https:\/\/albertadria.com\/shop\/#website"},"primaryImageOfPage":{"@id":"https:\/\/albertadria.com\/shop\/es\/product\/natura-albert-adria\/#primaryimage"},"image":{"@id":"https:\/\/albertadria.com\/shop\/es\/product\/natura-albert-adria\/#primaryimage"},"thumbnailUrl":"https:\/\/albertadria.com\/shop\/wp-content\/uploads\/sites\/3\/2023\/05\/natura-2-800x739-1.jpeg","datePublished":"2023-05-19T15:48:32+00:00","dateModified":"2023-05-26T12:56:17+00:00","description":"Natura\u00a0un camino que le ha llevado a investigar durante dos a\u00f1os y medio nuevas maneras de expresarse a trav\u00e9s de la elaboraci\u00f3n de postres.","breadcrumb":{"@id":"https:\/\/albertadria.com\/shop\/es\/product\/natura-albert-adria\/#breadcrumb"},"inLanguage":"en-US","potentialAction":[{"@type":"ReadAction","target":["https:\/\/albertadria.com\/shop\/es\/product\/natura-albert-adria\/"]}]},{"@type":"ImageObject","inLanguage":"en-US","@id":"https:\/\/albertadria.com\/shop\/es\/product\/natura-albert-adria\/#primaryimage","url":"https:\/\/albertadria.com\/shop\/wp-content\/uploads\/sites\/3\/2023\/05\/natura-2-800x739-1.jpeg","contentUrl":"https:\/\/albertadria.com\/shop\/wp-content\/uploads\/sites\/3\/2023\/05\/natura-2-800x739-1.jpeg","width":800,"height":739},{"@type":"BreadcrumbList","@id":"https:\/\/albertadria.com\/shop\/es\/product\/natura-albert-adria\/#breadcrumb","itemListElement":[{"@type":"ListItem","position":1,"name":"Home","item":"https:\/\/albertadria.com\/shop\/"},{"@type":"ListItem","position":2,"name":"Shop","item":"https:\/\/albertadria.com\/shop\/"},{"@type":"ListItem","position":3,"name":"Natura"}]},{"@type":"WebSite","@id":"https:\/\/albertadria.com\/shop\/#website","url":"https:\/\/albertadria.com\/shop\/","name":"Albert Adri\u00e0 - Shop","description":"","potentialAction":[{"@type":"SearchAction","target":{"@type":"EntryPoint","urlTemplate":"https:\/\/albertadria.com\/shop\/?s={search_term_string}"},"query-input":{"@type":"PropertyValueSpecification","valueRequired":true,"valueName":"search_term_string"}}],"inLanguage":"en-US"}]}},"_links":{"self":[{"href":"https:\/\/albertadria.com\/shop\/wp-json\/wp\/v2\/product\/451","targetHints":{"allow":["GET"]}}],"collection":[{"href":"https:\/\/albertadria.com\/shop\/wp-json\/wp\/v2\/product"}],"about":[{"href":"https:\/\/albertadria.com\/shop\/wp-json\/wp\/v2\/types\/product"}],"wp:featuredmedia":[{"embeddable":true,"href":"https:\/\/albertadria.com\/shop\/wp-json\/wp\/v2\/media\/454"}],"wp:attachment":[{"href":"https:\/\/albertadria.com\/shop\/wp-json\/wp\/v2\/media?parent=451"}],"wp:term":[{"taxonomy":"product_brand","embeddable":true,"href":"https:\/\/albertadria.com\/shop\/wp-json\/wp\/v2\/product_brand?post=451"},{"taxonomy":"product_cat","embeddable":true,"href":"https:\/\/albertadria.com\/shop\/wp-json\/wp\/v2\/product_cat?post=451"},{"taxonomy":"product_tag","embeddable":true,"href":"https:\/\/albertadria.com\/shop\/wp-json\/wp\/v2\/product_tag?post=451"}],"curies":[{"name":"wp","href":"https:\/\/api.w.org\/{rel}","templated":true}]}}