{"id":464,"date":"2023-05-18T20:02:28","date_gmt":"2023-05-18T18:02:28","guid":{"rendered":"https:\/\/albertadria.com\/shop\/?post_type=product&#038;p=464"},"modified":"2023-05-26T14:56:52","modified_gmt":"2023-05-26T12:56:52","slug":"les-postres-del-bulli","status":"publish","type":"product","link":"https:\/\/albertadria.com\/shop\/es\/product\/les-postres-del-bulli\/","title":{"rendered":"Los postres de el Bulli"},"content":{"rendered":"<p><strong><em>Los postres de el Bulli.\u00a0 <\/em><\/strong>Este libro sale a la luz despu\u00e9s de un largo proceso previo de diez a\u00f1os de trabajo en cocina y de un a\u00f1o y medio de elaboraci\u00f3n. En \u00e9l pretendo reflejar una visi\u00f3n personal de la nueva pasteler\u00eda de restaurante, desde un punto de vista profesional y a la vez divulgativo; por ello, creo que puede servir tanto al cocinero con experiencia como el joven que empieza a introducirse en este mundo. Con los postres de El Bulli espero, en definitiva, proporcionar una herramienta \u00fatil a los cocineros y pasteleros, as\u00ed como un goloso entretenimiento a todos los amantes de la buena cocina.<\/p>\n<p>256 p\u00e1ginas<\/p>\n<p>306 x 240 mm<\/p>\n<p>Tapa dura<\/p>\n<p>ISBN: 978-8483071533<\/p>\n","protected":false},"excerpt":{"rendered":"<p>Los postres de el Bulli.\u00a0 Este libro sale a la luz despu\u00e9s de un largo proceso previo de diez a\u00f1os de trabajo en cocina y de un a\u00f1o y medio de elaboraci\u00f3n. En \u00e9l pretendo reflejar una visi\u00f3n personal de la nueva pasteler\u00eda de restaurante, desde un punto de vista profesional y a la vez [&hellip;]<\/p>\n","protected":false},"featured_media":480,"template":"","meta":{"_acf_changed":false},"product_brand":[],"product_cat":[98],"product_tag":[],"class_list":{"0":"post-464","1":"product","2":"type-product","3":"status-publish","4":"has-post-thumbnail","6":"product_cat-uncategorized-es","8":"first","9":"outofstock","10":"taxable","11":"shipping-taxable","12":"product-type-simple"},"acf":[],"yoast_head":"<!-- This site is optimized with the Yoast SEO plugin v26.3 - https:\/\/yoast.com\/wordpress\/plugins\/seo\/ -->\n<title>Los postres de el Bulli - Albert Adri\u00e0 - Shop<\/title>\n<meta name=\"description\" content=\"Con los postres de El Bulli espero, proporcionar una herramienta \u00fatil a los cocineros y pasteleros, as\u00ed como un goloso entretenimiento\" \/>\n<meta name=\"robots\" content=\"index, follow, max-snippet:-1, max-image-preview:large, max-video-preview:-1\" \/>\n<link rel=\"canonical\" href=\"https:\/\/albertadria.com\/shop\/es\/product\/les-postres-del-bulli\/\" \/>\n<meta property=\"og:locale\" content=\"en_US\" \/>\n<meta property=\"og:type\" content=\"article\" \/>\n<meta property=\"og:title\" content=\"Los postres de el Bulli - Albert Adri\u00e0 - Shop\" \/>\n<meta property=\"og:description\" content=\"Con los postres de El Bulli espero, proporcionar una herramienta \u00fatil a los cocineros y pasteleros, as\u00ed como un goloso entretenimiento\" \/>\n<meta property=\"og:url\" content=\"https:\/\/albertadria.com\/shop\/es\/product\/les-postres-del-bulli\/\" \/>\n<meta property=\"og:site_name\" content=\"Albert Adri\u00e0 - Shop\" \/>\n<meta property=\"article:modified_time\" content=\"2023-05-26T12:56:52+00:00\" \/>\n<meta property=\"og:image\" content=\"https:\/\/albertadria.com\/shop\/wp-content\/uploads\/sites\/3\/2023\/05\/Lospostresdelbulli-scaled.jpg\" \/>\n\t<meta property=\"og:image:width\" content=\"1917\" \/>\n\t<meta property=\"og:image:height\" content=\"2560\" \/>\n\t<meta property=\"og:image:type\" content=\"image\/jpeg\" \/>\n<meta name=\"twitter:card\" content=\"summary_large_image\" \/>\n<meta name=\"twitter:label1\" content=\"Est. reading time\" \/>\n\t<meta name=\"twitter:data1\" content=\"1 minute\" \/>\n<script type=\"application\/ld+json\" class=\"yoast-schema-graph\">{\"@context\":\"https:\/\/schema.org\",\"@graph\":[{\"@type\":\"WebPage\",\"@id\":\"https:\/\/albertadria.com\/shop\/es\/product\/les-postres-del-bulli\/\",\"url\":\"https:\/\/albertadria.com\/shop\/es\/product\/les-postres-del-bulli\/\",\"name\":\"Los postres de el Bulli - Albert Adri\u00e0 - Shop\",\"isPartOf\":{\"@id\":\"https:\/\/albertadria.com\/shop\/#website\"},\"primaryImageOfPage\":{\"@id\":\"https:\/\/albertadria.com\/shop\/es\/product\/les-postres-del-bulli\/#primaryimage\"},\"image\":{\"@id\":\"https:\/\/albertadria.com\/shop\/es\/product\/les-postres-del-bulli\/#primaryimage\"},\"thumbnailUrl\":\"https:\/\/albertadria.com\/shop\/wp-content\/uploads\/sites\/3\/2023\/05\/Lospostresdelbulli-scaled.jpg\",\"datePublished\":\"2023-05-18T18:02:28+00:00\",\"dateModified\":\"2023-05-26T12:56:52+00:00\",\"description\":\"Con los postres de El Bulli espero, proporcionar una herramienta \u00fatil a los cocineros y pasteleros, as\u00ed como un goloso entretenimiento\",\"breadcrumb\":{\"@id\":\"https:\/\/albertadria.com\/shop\/es\/product\/les-postres-del-bulli\/#breadcrumb\"},\"inLanguage\":\"en-US\",\"potentialAction\":[{\"@type\":\"ReadAction\",\"target\":[\"https:\/\/albertadria.com\/shop\/es\/product\/les-postres-del-bulli\/\"]}]},{\"@type\":\"ImageObject\",\"inLanguage\":\"en-US\",\"@id\":\"https:\/\/albertadria.com\/shop\/es\/product\/les-postres-del-bulli\/#primaryimage\",\"url\":\"https:\/\/albertadria.com\/shop\/wp-content\/uploads\/sites\/3\/2023\/05\/Lospostresdelbulli-scaled.jpg\",\"contentUrl\":\"https:\/\/albertadria.com\/shop\/wp-content\/uploads\/sites\/3\/2023\/05\/Lospostresdelbulli-scaled.jpg\",\"width\":1917,\"height\":2560},{\"@type\":\"BreadcrumbList\",\"@id\":\"https:\/\/albertadria.com\/shop\/es\/product\/les-postres-del-bulli\/#breadcrumb\",\"itemListElement\":[{\"@type\":\"ListItem\",\"position\":1,\"name\":\"Home\",\"item\":\"https:\/\/albertadria.com\/shop\/\"},{\"@type\":\"ListItem\",\"position\":2,\"name\":\"Shop\",\"item\":\"https:\/\/albertadria.com\/shop\/\"},{\"@type\":\"ListItem\",\"position\":3,\"name\":\"Los postres de el Bulli\"}]},{\"@type\":\"WebSite\",\"@id\":\"https:\/\/albertadria.com\/shop\/#website\",\"url\":\"https:\/\/albertadria.com\/shop\/\",\"name\":\"Albert Adri\u00e0 - Shop\",\"description\":\"\",\"potentialAction\":[{\"@type\":\"SearchAction\",\"target\":{\"@type\":\"EntryPoint\",\"urlTemplate\":\"https:\/\/albertadria.com\/shop\/?s={search_term_string}\"},\"query-input\":{\"@type\":\"PropertyValueSpecification\",\"valueRequired\":true,\"valueName\":\"search_term_string\"}}],\"inLanguage\":\"en-US\"}]}<\/script>\n<!-- \/ Yoast SEO plugin. -->","yoast_head_json":{"title":"Los postres de el Bulli - Albert Adri\u00e0 - Shop","description":"Con los postres de El Bulli espero, proporcionar una herramienta \u00fatil a los cocineros y pasteleros, as\u00ed como un goloso entretenimiento","robots":{"index":"index","follow":"follow","max-snippet":"max-snippet:-1","max-image-preview":"max-image-preview:large","max-video-preview":"max-video-preview:-1"},"canonical":"https:\/\/albertadria.com\/shop\/es\/product\/les-postres-del-bulli\/","og_locale":"en_US","og_type":"article","og_title":"Los postres de el Bulli - Albert Adri\u00e0 - Shop","og_description":"Con los postres de El Bulli espero, proporcionar una herramienta \u00fatil a los cocineros y pasteleros, as\u00ed como un goloso entretenimiento","og_url":"https:\/\/albertadria.com\/shop\/es\/product\/les-postres-del-bulli\/","og_site_name":"Albert Adri\u00e0 - Shop","article_modified_time":"2023-05-26T12:56:52+00:00","og_image":[{"width":1917,"height":2560,"url":"https:\/\/albertadria.com\/shop\/wp-content\/uploads\/sites\/3\/2023\/05\/Lospostresdelbulli-scaled.jpg","type":"image\/jpeg"}],"twitter_card":"summary_large_image","twitter_misc":{"Est. reading time":"1 minute"},"schema":{"@context":"https:\/\/schema.org","@graph":[{"@type":"WebPage","@id":"https:\/\/albertadria.com\/shop\/es\/product\/les-postres-del-bulli\/","url":"https:\/\/albertadria.com\/shop\/es\/product\/les-postres-del-bulli\/","name":"Los postres de el Bulli - Albert Adri\u00e0 - Shop","isPartOf":{"@id":"https:\/\/albertadria.com\/shop\/#website"},"primaryImageOfPage":{"@id":"https:\/\/albertadria.com\/shop\/es\/product\/les-postres-del-bulli\/#primaryimage"},"image":{"@id":"https:\/\/albertadria.com\/shop\/es\/product\/les-postres-del-bulli\/#primaryimage"},"thumbnailUrl":"https:\/\/albertadria.com\/shop\/wp-content\/uploads\/sites\/3\/2023\/05\/Lospostresdelbulli-scaled.jpg","datePublished":"2023-05-18T18:02:28+00:00","dateModified":"2023-05-26T12:56:52+00:00","description":"Con los postres de El Bulli espero, proporcionar una herramienta \u00fatil a los cocineros y pasteleros, as\u00ed como un goloso entretenimiento","breadcrumb":{"@id":"https:\/\/albertadria.com\/shop\/es\/product\/les-postres-del-bulli\/#breadcrumb"},"inLanguage":"en-US","potentialAction":[{"@type":"ReadAction","target":["https:\/\/albertadria.com\/shop\/es\/product\/les-postres-del-bulli\/"]}]},{"@type":"ImageObject","inLanguage":"en-US","@id":"https:\/\/albertadria.com\/shop\/es\/product\/les-postres-del-bulli\/#primaryimage","url":"https:\/\/albertadria.com\/shop\/wp-content\/uploads\/sites\/3\/2023\/05\/Lospostresdelbulli-scaled.jpg","contentUrl":"https:\/\/albertadria.com\/shop\/wp-content\/uploads\/sites\/3\/2023\/05\/Lospostresdelbulli-scaled.jpg","width":1917,"height":2560},{"@type":"BreadcrumbList","@id":"https:\/\/albertadria.com\/shop\/es\/product\/les-postres-del-bulli\/#breadcrumb","itemListElement":[{"@type":"ListItem","position":1,"name":"Home","item":"https:\/\/albertadria.com\/shop\/"},{"@type":"ListItem","position":2,"name":"Shop","item":"https:\/\/albertadria.com\/shop\/"},{"@type":"ListItem","position":3,"name":"Los postres de el Bulli"}]},{"@type":"WebSite","@id":"https:\/\/albertadria.com\/shop\/#website","url":"https:\/\/albertadria.com\/shop\/","name":"Albert Adri\u00e0 - Shop","description":"","potentialAction":[{"@type":"SearchAction","target":{"@type":"EntryPoint","urlTemplate":"https:\/\/albertadria.com\/shop\/?s={search_term_string}"},"query-input":{"@type":"PropertyValueSpecification","valueRequired":true,"valueName":"search_term_string"}}],"inLanguage":"en-US"}]}},"_links":{"self":[{"href":"https:\/\/albertadria.com\/shop\/wp-json\/wp\/v2\/product\/464","targetHints":{"allow":["GET"]}}],"collection":[{"href":"https:\/\/albertadria.com\/shop\/wp-json\/wp\/v2\/product"}],"about":[{"href":"https:\/\/albertadria.com\/shop\/wp-json\/wp\/v2\/types\/product"}],"wp:featuredmedia":[{"embeddable":true,"href":"https:\/\/albertadria.com\/shop\/wp-json\/wp\/v2\/media\/480"}],"wp:attachment":[{"href":"https:\/\/albertadria.com\/shop\/wp-json\/wp\/v2\/media?parent=464"}],"wp:term":[{"taxonomy":"product_brand","embeddable":true,"href":"https:\/\/albertadria.com\/shop\/wp-json\/wp\/v2\/product_brand?post=464"},{"taxonomy":"product_cat","embeddable":true,"href":"https:\/\/albertadria.com\/shop\/wp-json\/wp\/v2\/product_cat?post=464"},{"taxonomy":"product_tag","embeddable":true,"href":"https:\/\/albertadria.com\/shop\/wp-json\/wp\/v2\/product_tag?post=464"}],"curies":[{"name":"wp","href":"https:\/\/api.w.org\/{rel}","templated":true}]}}