{"id":662,"date":"2026-03-06T15:25:34","date_gmt":"2026-03-06T14:25:34","guid":{"rendered":"https:\/\/albertadria.com\/shop\/?post_type=product&#038;p=662"},"modified":"2026-03-06T15:36:53","modified_gmt":"2026-03-06T14:36:53","slug":"enigma-decoding-the-secret-world-of-albert-adria","status":"publish","type":"product","link":"https:\/\/albertadria.com\/shop\/product\/enigma-decoding-the-secret-world-of-albert-adria\/","title":{"rendered":"Enigma. Decoding the secret world of Albert Adri\u00e0"},"content":{"rendered":"<p><strong>Enigma. Decoding the Secret World of Albert Adri\u00e0<\/strong> is a publication designed by Idearideas that reveals the creative architectural process behind Enigma, the latest Barcelona restaurant by renowned chef Albert Adri\u00e0. Promoted by Neolith and written by art journalist Cristina Gim\u00e9nez, the book explores the conception and development of this unique gastronomic and architectural project, designed by RCR Arquitectes and Pau Llimona. A glimpse into the creative universe of a space conceived as a unique experience, where architecture, design and gastronomy come together.<\/p>\n<p>&nbsp;<\/p>\n<p>Languages: English and Spanish in the same book.<\/p>\n<p>213 pages.<\/p>\n<p>Hardcover.<\/p>\n<p>ISBN: 978-84-607-4702-5<\/p>\n","protected":false},"excerpt":{"rendered":"<p>Enigma. Decoding the Secret World of Albert Adri\u00e0 is a publication designed by Idearideas that reveals the creative architectural process behind Enigma, the latest Barcelona restaurant by renowned chef Albert Adri\u00e0. Promoted by Neolith and written by art journalist Cristina Gim\u00e9nez, the book explores the conception and development of this unique gastronomic and architectural project, [&hellip;]<\/p>\n","protected":false},"featured_media":663,"template":"","meta":{"_acf_changed":false},"product_brand":[],"product_cat":[],"product_tag":[],"class_list":{"0":"post-662","1":"product","2":"type-product","3":"status-publish","4":"has-post-thumbnail","7":"first","8":"instock","9":"taxable","10":"shipping-taxable","11":"purchasable","12":"product-type-simple"},"acf":[],"yoast_head":"<!-- This site is optimized with the Yoast SEO plugin v26.3 - https:\/\/yoast.com\/wordpress\/plugins\/seo\/ -->\n<title>Enigma. Decoding the secret world of Albert Adri\u00e0 - Albert Adri\u00e0 - Shop<\/title>\n<meta name=\"description\" content=\"Enigma. Decodificando el mundo secreto de Albert Adri\u00e0 es una publicaci\u00f3n que revela el proceso arquitect\u00f3nico creativo detr\u00e1s de Enigma.\" \/>\n<meta name=\"robots\" content=\"index, follow, max-snippet:-1, max-image-preview:large, max-video-preview:-1\" \/>\n<link rel=\"canonical\" href=\"https:\/\/albertadria.com\/shop\/product\/enigma-decoding-the-secret-world-of-albert-adria\/\" \/>\n<meta property=\"og:locale\" content=\"en_US\" \/>\n<meta property=\"og:type\" content=\"article\" \/>\n<meta property=\"og:title\" content=\"Enigma. Decoding the secret world of Albert Adri\u00e0 - Albert Adri\u00e0 - Shop\" \/>\n<meta property=\"og:description\" content=\"Enigma. Decodificando el mundo secreto de Albert Adri\u00e0 es una publicaci\u00f3n que revela el proceso arquitect\u00f3nico creativo detr\u00e1s de Enigma.\" \/>\n<meta property=\"og:url\" content=\"https:\/\/albertadria.com\/shop\/product\/enigma-decoding-the-secret-world-of-albert-adria\/\" \/>\n<meta property=\"og:site_name\" content=\"Albert Adri\u00e0 - Shop\" \/>\n<meta property=\"article:modified_time\" content=\"2026-03-06T14:36:53+00:00\" \/>\n<meta property=\"og:image\" content=\"https:\/\/albertadria.com\/shop\/wp-content\/uploads\/sites\/3\/2026\/03\/Enigmaportada_RCR_Neolith-800x1200.png\" \/>\n\t<meta property=\"og:image:width\" content=\"800\" \/>\n\t<meta property=\"og:image:height\" content=\"1200\" \/>\n\t<meta property=\"og:image:type\" content=\"image\/png\" \/>\n<meta name=\"twitter:card\" content=\"summary_large_image\" \/>\n<meta name=\"twitter:label1\" content=\"Est. reading time\" \/>\n\t<meta name=\"twitter:data1\" content=\"1 minute\" \/>\n<script type=\"application\/ld+json\" class=\"yoast-schema-graph\">{\"@context\":\"https:\/\/schema.org\",\"@graph\":[{\"@type\":\"WebPage\",\"@id\":\"https:\/\/albertadria.com\/shop\/product\/enigma-decoding-the-secret-world-of-albert-adria\/\",\"url\":\"https:\/\/albertadria.com\/shop\/product\/enigma-decoding-the-secret-world-of-albert-adria\/\",\"name\":\"Enigma. Decoding the secret world of Albert Adri\u00e0 - Albert Adri\u00e0 - Shop\",\"isPartOf\":{\"@id\":\"https:\/\/albertadria.com\/shop\/#website\"},\"primaryImageOfPage\":{\"@id\":\"https:\/\/albertadria.com\/shop\/product\/enigma-decoding-the-secret-world-of-albert-adria\/#primaryimage\"},\"image\":{\"@id\":\"https:\/\/albertadria.com\/shop\/product\/enigma-decoding-the-secret-world-of-albert-adria\/#primaryimage\"},\"thumbnailUrl\":\"https:\/\/albertadria.com\/shop\/wp-content\/uploads\/sites\/3\/2026\/03\/Enigmaportada_RCR_Neolith.png\",\"datePublished\":\"2026-03-06T14:25:34+00:00\",\"dateModified\":\"2026-03-06T14:36:53+00:00\",\"description\":\"Enigma. Decodificando el mundo secreto de Albert Adri\u00e0 es una publicaci\u00f3n que revela el proceso arquitect\u00f3nico creativo detr\u00e1s de Enigma.\",\"breadcrumb\":{\"@id\":\"https:\/\/albertadria.com\/shop\/product\/enigma-decoding-the-secret-world-of-albert-adria\/#breadcrumb\"},\"inLanguage\":\"en-US\",\"potentialAction\":[{\"@type\":\"ReadAction\",\"target\":[\"https:\/\/albertadria.com\/shop\/product\/enigma-decoding-the-secret-world-of-albert-adria\/\"]}]},{\"@type\":\"ImageObject\",\"inLanguage\":\"en-US\",\"@id\":\"https:\/\/albertadria.com\/shop\/product\/enigma-decoding-the-secret-world-of-albert-adria\/#primaryimage\",\"url\":\"https:\/\/albertadria.com\/shop\/wp-content\/uploads\/sites\/3\/2026\/03\/Enigmaportada_RCR_Neolith.png\",\"contentUrl\":\"https:\/\/albertadria.com\/shop\/wp-content\/uploads\/sites\/3\/2026\/03\/Enigmaportada_RCR_Neolith.png\",\"width\":1024,\"height\":1536},{\"@type\":\"BreadcrumbList\",\"@id\":\"https:\/\/albertadria.com\/shop\/product\/enigma-decoding-the-secret-world-of-albert-adria\/#breadcrumb\",\"itemListElement\":[{\"@type\":\"ListItem\",\"position\":1,\"name\":\"Home\",\"item\":\"https:\/\/albertadria.com\/shop\/\"},{\"@type\":\"ListItem\",\"position\":2,\"name\":\"Shop\",\"item\":\"https:\/\/albertadria.com\/shop\/\"},{\"@type\":\"ListItem\",\"position\":3,\"name\":\"Enigma. Decoding the secret world of Albert Adri\u00e0\"}]},{\"@type\":\"WebSite\",\"@id\":\"https:\/\/albertadria.com\/shop\/#website\",\"url\":\"https:\/\/albertadria.com\/shop\/\",\"name\":\"Albert Adri\u00e0 - Shop\",\"description\":\"\",\"potentialAction\":[{\"@type\":\"SearchAction\",\"target\":{\"@type\":\"EntryPoint\",\"urlTemplate\":\"https:\/\/albertadria.com\/shop\/?s={search_term_string}\"},\"query-input\":{\"@type\":\"PropertyValueSpecification\",\"valueRequired\":true,\"valueName\":\"search_term_string\"}}],\"inLanguage\":\"en-US\"}]}<\/script>\n<!-- \/ Yoast SEO plugin. -->","yoast_head_json":{"title":"Enigma. Decoding the secret world of Albert Adri\u00e0 - Albert Adri\u00e0 - Shop","description":"Enigma. Decodificando el mundo secreto de Albert Adri\u00e0 es una publicaci\u00f3n que revela el proceso arquitect\u00f3nico creativo detr\u00e1s de Enigma.","robots":{"index":"index","follow":"follow","max-snippet":"max-snippet:-1","max-image-preview":"max-image-preview:large","max-video-preview":"max-video-preview:-1"},"canonical":"https:\/\/albertadria.com\/shop\/product\/enigma-decoding-the-secret-world-of-albert-adria\/","og_locale":"en_US","og_type":"article","og_title":"Enigma. Decoding the secret world of Albert Adri\u00e0 - Albert Adri\u00e0 - Shop","og_description":"Enigma. Decodificando el mundo secreto de Albert Adri\u00e0 es una publicaci\u00f3n que revela el proceso arquitect\u00f3nico creativo detr\u00e1s de Enigma.","og_url":"https:\/\/albertadria.com\/shop\/product\/enigma-decoding-the-secret-world-of-albert-adria\/","og_site_name":"Albert Adri\u00e0 - Shop","article_modified_time":"2026-03-06T14:36:53+00:00","og_image":[{"width":800,"height":1200,"url":"https:\/\/albertadria.com\/shop\/wp-content\/uploads\/sites\/3\/2026\/03\/Enigmaportada_RCR_Neolith-800x1200.png","type":"image\/png"}],"twitter_card":"summary_large_image","twitter_misc":{"Est. reading time":"1 minute"},"schema":{"@context":"https:\/\/schema.org","@graph":[{"@type":"WebPage","@id":"https:\/\/albertadria.com\/shop\/product\/enigma-decoding-the-secret-world-of-albert-adria\/","url":"https:\/\/albertadria.com\/shop\/product\/enigma-decoding-the-secret-world-of-albert-adria\/","name":"Enigma. Decoding the secret world of Albert Adri\u00e0 - Albert Adri\u00e0 - Shop","isPartOf":{"@id":"https:\/\/albertadria.com\/shop\/#website"},"primaryImageOfPage":{"@id":"https:\/\/albertadria.com\/shop\/product\/enigma-decoding-the-secret-world-of-albert-adria\/#primaryimage"},"image":{"@id":"https:\/\/albertadria.com\/shop\/product\/enigma-decoding-the-secret-world-of-albert-adria\/#primaryimage"},"thumbnailUrl":"https:\/\/albertadria.com\/shop\/wp-content\/uploads\/sites\/3\/2026\/03\/Enigmaportada_RCR_Neolith.png","datePublished":"2026-03-06T14:25:34+00:00","dateModified":"2026-03-06T14:36:53+00:00","description":"Enigma. Decodificando el mundo secreto de Albert Adri\u00e0 es una publicaci\u00f3n que revela el proceso arquitect\u00f3nico creativo detr\u00e1s de Enigma.","breadcrumb":{"@id":"https:\/\/albertadria.com\/shop\/product\/enigma-decoding-the-secret-world-of-albert-adria\/#breadcrumb"},"inLanguage":"en-US","potentialAction":[{"@type":"ReadAction","target":["https:\/\/albertadria.com\/shop\/product\/enigma-decoding-the-secret-world-of-albert-adria\/"]}]},{"@type":"ImageObject","inLanguage":"en-US","@id":"https:\/\/albertadria.com\/shop\/product\/enigma-decoding-the-secret-world-of-albert-adria\/#primaryimage","url":"https:\/\/albertadria.com\/shop\/wp-content\/uploads\/sites\/3\/2026\/03\/Enigmaportada_RCR_Neolith.png","contentUrl":"https:\/\/albertadria.com\/shop\/wp-content\/uploads\/sites\/3\/2026\/03\/Enigmaportada_RCR_Neolith.png","width":1024,"height":1536},{"@type":"BreadcrumbList","@id":"https:\/\/albertadria.com\/shop\/product\/enigma-decoding-the-secret-world-of-albert-adria\/#breadcrumb","itemListElement":[{"@type":"ListItem","position":1,"name":"Home","item":"https:\/\/albertadria.com\/shop\/"},{"@type":"ListItem","position":2,"name":"Shop","item":"https:\/\/albertadria.com\/shop\/"},{"@type":"ListItem","position":3,"name":"Enigma. Decoding the secret world of Albert Adri\u00e0"}]},{"@type":"WebSite","@id":"https:\/\/albertadria.com\/shop\/#website","url":"https:\/\/albertadria.com\/shop\/","name":"Albert Adri\u00e0 - Shop","description":"","potentialAction":[{"@type":"SearchAction","target":{"@type":"EntryPoint","urlTemplate":"https:\/\/albertadria.com\/shop\/?s={search_term_string}"},"query-input":{"@type":"PropertyValueSpecification","valueRequired":true,"valueName":"search_term_string"}}],"inLanguage":"en-US"}]}},"_links":{"self":[{"href":"https:\/\/albertadria.com\/shop\/wp-json\/wp\/v2\/product\/662","targetHints":{"allow":["GET"]}}],"collection":[{"href":"https:\/\/albertadria.com\/shop\/wp-json\/wp\/v2\/product"}],"about":[{"href":"https:\/\/albertadria.com\/shop\/wp-json\/wp\/v2\/types\/product"}],"wp:featuredmedia":[{"embeddable":true,"href":"https:\/\/albertadria.com\/shop\/wp-json\/wp\/v2\/media\/663"}],"wp:attachment":[{"href":"https:\/\/albertadria.com\/shop\/wp-json\/wp\/v2\/media?parent=662"}],"wp:term":[{"taxonomy":"product_brand","embeddable":true,"href":"https:\/\/albertadria.com\/shop\/wp-json\/wp\/v2\/product_brand?post=662"},{"taxonomy":"product_cat","embeddable":true,"href":"https:\/\/albertadria.com\/shop\/wp-json\/wp\/v2\/product_cat?post=662"},{"taxonomy":"product_tag","embeddable":true,"href":"https:\/\/albertadria.com\/shop\/wp-json\/wp\/v2\/product_tag?post=662"}],"curies":[{"name":"wp","href":"https:\/\/api.w.org\/{rel}","templated":true}]}}