{"id":675,"date":"2026-03-06T15:38:18","date_gmt":"2026-03-06T14:38:18","guid":{"rendered":"https:\/\/albertadria.com\/shop\/?post_type=product&#038;p=675"},"modified":"2026-03-06T15:38:19","modified_gmt":"2026-03-06T14:38:19","slug":"enigma-descodificant-el-mon-secret-dalbert-adria","status":"publish","type":"product","link":"https:\/\/albertadria.com\/shop\/ca\/product\/enigma-descodificant-el-mon-secret-dalbert-adria\/","title":{"rendered":"Enigma. Descodificant el m\u00f3n secret d&#8217;Albert Adri\u00e0"},"content":{"rendered":"<p><strong>Enigma. Descodificant el m\u00f3n secret d&#8217;Albert Adri\u00e0<\/strong> \u00e9s una publicaci\u00f3 dissenyada per *Idearideas que revela el proc\u00e9s arquitect\u00f2nic creatiu darrere d&#8217;Enigma, l&#8217;\u00faltim restaurant barcelon\u00ed del reconegut xef Albert Adri\u00e0. Impulsat per *Neolith i escrit per la periodista especialitzada en art Cristina Gim\u00e9nez, el llibre explora la concepci\u00f3 i desenvolupament d&#8217;aquest singular projecte gastron\u00f2mic i arquitect\u00f2nic, dissenyat per *RCR *Arquitectes i Pau *Llimona. Una mirada a l&#8217;univers creatiu d&#8217;un espai concebut com una experi\u00e8ncia \u00fanica, on arquitectura, disseny i gastronomia es troben.<\/p>\n<p>&nbsp;<\/p>\n<p>Idiomes: Ingl\u00e9s i Castell\u00e0 en el mateix llibre<\/p>\n<p>213 p\u00e0gines<\/p>\n<p>Tapa dura<\/p>\n<p>ISBN: 978-84-607-4702-5<\/p>\n","protected":false},"excerpt":{"rendered":"<p>Enigma. Descodificant el m\u00f3n secret d&#8217;Albert Adri\u00e0 \u00e9s una publicaci\u00f3 dissenyada per *Idearideas que revela el proc\u00e9s arquitect\u00f2nic creatiu darrere d&#8217;Enigma, l&#8217;\u00faltim restaurant barcelon\u00ed del reconegut xef Albert Adri\u00e0. Impulsat per *Neolith i escrit per la periodista especialitzada en art Cristina Gim\u00e9nez, el llibre explora la concepci\u00f3 i desenvolupament d&#8217;aquest singular projecte gastron\u00f2mic i arquitect\u00f2nic, [&hellip;]<\/p>\n","protected":false},"featured_media":676,"template":"","meta":{"_acf_changed":false},"product_brand":[],"product_cat":[],"product_tag":[],"class_list":{"0":"post-675","1":"product","2":"type-product","3":"status-publish","4":"has-post-thumbnail","7":"first","8":"instock","9":"taxable","10":"shipping-taxable","11":"purchasable","12":"product-type-simple"},"acf":[],"yoast_head":"<!-- This site is optimized with the Yoast SEO plugin v26.3 - https:\/\/yoast.com\/wordpress\/plugins\/seo\/ -->\n<title>Enigma. Descodificant el m\u00f3n secret d&#039;Albert Adri\u00e0 - Albert Adri\u00e0 - Shop<\/title>\n<meta name=\"description\" content=\"Enigma. Decodificando el mundo secreto de Albert Adri\u00e0 es una publicaci\u00f3n que revela el proceso arquitect\u00f3nico creativo detr\u00e1s de Enigma.\" \/>\n<meta name=\"robots\" content=\"index, follow, max-snippet:-1, max-image-preview:large, max-video-preview:-1\" \/>\n<link rel=\"canonical\" href=\"https:\/\/albertadria.com\/shop\/ca\/product\/enigma-descodificant-el-mon-secret-dalbert-adria\/\" \/>\n<meta property=\"og:locale\" content=\"en_US\" \/>\n<meta property=\"og:type\" content=\"article\" \/>\n<meta property=\"og:title\" content=\"Enigma. Descodificant el m\u00f3n secret d&#039;Albert Adri\u00e0 - Albert Adri\u00e0 - Shop\" \/>\n<meta property=\"og:description\" content=\"Enigma. Decodificando el mundo secreto de Albert Adri\u00e0 es una publicaci\u00f3n que revela el proceso arquitect\u00f3nico creativo detr\u00e1s de Enigma.\" \/>\n<meta property=\"og:url\" content=\"https:\/\/albertadria.com\/shop\/ca\/product\/enigma-descodificant-el-mon-secret-dalbert-adria\/\" \/>\n<meta property=\"og:site_name\" content=\"Albert Adri\u00e0 - Shop\" \/>\n<meta property=\"article:modified_time\" content=\"2026-03-06T14:38:19+00:00\" \/>\n<meta property=\"og:image\" content=\"https:\/\/albertadria.com\/shop\/wp-content\/uploads\/sites\/3\/2026\/03\/Enigmaportada_RCR_Neolith-800x1200.png\" \/>\n\t<meta property=\"og:image:width\" content=\"800\" \/>\n\t<meta property=\"og:image:height\" content=\"1200\" \/>\n\t<meta property=\"og:image:type\" content=\"image\/png\" \/>\n<meta name=\"twitter:card\" content=\"summary_large_image\" \/>\n<meta name=\"twitter:label1\" content=\"Est. reading time\" \/>\n\t<meta name=\"twitter:data1\" content=\"1 minute\" \/>\n<script type=\"application\/ld+json\" class=\"yoast-schema-graph\">{\"@context\":\"https:\/\/schema.org\",\"@graph\":[{\"@type\":\"WebPage\",\"@id\":\"https:\/\/albertadria.com\/shop\/ca\/product\/enigma-descodificant-el-mon-secret-dalbert-adria\/\",\"url\":\"https:\/\/albertadria.com\/shop\/ca\/product\/enigma-descodificant-el-mon-secret-dalbert-adria\/\",\"name\":\"Enigma. Descodificant el m\u00f3n secret d'Albert Adri\u00e0 - Albert Adri\u00e0 - Shop\",\"isPartOf\":{\"@id\":\"https:\/\/albertadria.com\/shop\/#website\"},\"primaryImageOfPage\":{\"@id\":\"https:\/\/albertadria.com\/shop\/ca\/product\/enigma-descodificant-el-mon-secret-dalbert-adria\/#primaryimage\"},\"image\":{\"@id\":\"https:\/\/albertadria.com\/shop\/ca\/product\/enigma-descodificant-el-mon-secret-dalbert-adria\/#primaryimage\"},\"thumbnailUrl\":\"https:\/\/albertadria.com\/shop\/wp-content\/uploads\/sites\/3\/2026\/03\/Enigmaportada_RCR_Neolith.png\",\"datePublished\":\"2026-03-06T14:38:18+00:00\",\"dateModified\":\"2026-03-06T14:38:19+00:00\",\"description\":\"Enigma. Decodificando el mundo secreto de Albert Adri\u00e0 es una publicaci\u00f3n que revela el proceso arquitect\u00f3nico creativo detr\u00e1s de Enigma.\",\"breadcrumb\":{\"@id\":\"https:\/\/albertadria.com\/shop\/ca\/product\/enigma-descodificant-el-mon-secret-dalbert-adria\/#breadcrumb\"},\"inLanguage\":\"en-US\",\"potentialAction\":[{\"@type\":\"ReadAction\",\"target\":[\"https:\/\/albertadria.com\/shop\/ca\/product\/enigma-descodificant-el-mon-secret-dalbert-adria\/\"]}]},{\"@type\":\"ImageObject\",\"inLanguage\":\"en-US\",\"@id\":\"https:\/\/albertadria.com\/shop\/ca\/product\/enigma-descodificant-el-mon-secret-dalbert-adria\/#primaryimage\",\"url\":\"https:\/\/albertadria.com\/shop\/wp-content\/uploads\/sites\/3\/2026\/03\/Enigmaportada_RCR_Neolith.png\",\"contentUrl\":\"https:\/\/albertadria.com\/shop\/wp-content\/uploads\/sites\/3\/2026\/03\/Enigmaportada_RCR_Neolith.png\",\"width\":1024,\"height\":1536},{\"@type\":\"BreadcrumbList\",\"@id\":\"https:\/\/albertadria.com\/shop\/ca\/product\/enigma-descodificant-el-mon-secret-dalbert-adria\/#breadcrumb\",\"itemListElement\":[{\"@type\":\"ListItem\",\"position\":1,\"name\":\"Home\",\"item\":\"https:\/\/albertadria.com\/shop\/\"},{\"@type\":\"ListItem\",\"position\":2,\"name\":\"Shop\",\"item\":\"https:\/\/albertadria.com\/shop\/\"},{\"@type\":\"ListItem\",\"position\":3,\"name\":\"Enigma. Descodificant el m\u00f3n secret d&#8217;Albert Adri\u00e0\"}]},{\"@type\":\"WebSite\",\"@id\":\"https:\/\/albertadria.com\/shop\/#website\",\"url\":\"https:\/\/albertadria.com\/shop\/\",\"name\":\"Albert Adri\u00e0 - Shop\",\"description\":\"\",\"potentialAction\":[{\"@type\":\"SearchAction\",\"target\":{\"@type\":\"EntryPoint\",\"urlTemplate\":\"https:\/\/albertadria.com\/shop\/?s={search_term_string}\"},\"query-input\":{\"@type\":\"PropertyValueSpecification\",\"valueRequired\":true,\"valueName\":\"search_term_string\"}}],\"inLanguage\":\"en-US\"}]}<\/script>\n<!-- \/ Yoast SEO plugin. -->","yoast_head_json":{"title":"Enigma. Descodificant el m\u00f3n secret d'Albert Adri\u00e0 - Albert Adri\u00e0 - Shop","description":"Enigma. Decodificando el mundo secreto de Albert Adri\u00e0 es una publicaci\u00f3n que revela el proceso arquitect\u00f3nico creativo detr\u00e1s de Enigma.","robots":{"index":"index","follow":"follow","max-snippet":"max-snippet:-1","max-image-preview":"max-image-preview:large","max-video-preview":"max-video-preview:-1"},"canonical":"https:\/\/albertadria.com\/shop\/ca\/product\/enigma-descodificant-el-mon-secret-dalbert-adria\/","og_locale":"en_US","og_type":"article","og_title":"Enigma. Descodificant el m\u00f3n secret d'Albert Adri\u00e0 - Albert Adri\u00e0 - Shop","og_description":"Enigma. Decodificando el mundo secreto de Albert Adri\u00e0 es una publicaci\u00f3n que revela el proceso arquitect\u00f3nico creativo detr\u00e1s de Enigma.","og_url":"https:\/\/albertadria.com\/shop\/ca\/product\/enigma-descodificant-el-mon-secret-dalbert-adria\/","og_site_name":"Albert Adri\u00e0 - Shop","article_modified_time":"2026-03-06T14:38:19+00:00","og_image":[{"width":800,"height":1200,"url":"https:\/\/albertadria.com\/shop\/wp-content\/uploads\/sites\/3\/2026\/03\/Enigmaportada_RCR_Neolith-800x1200.png","type":"image\/png"}],"twitter_card":"summary_large_image","twitter_misc":{"Est. reading time":"1 minute"},"schema":{"@context":"https:\/\/schema.org","@graph":[{"@type":"WebPage","@id":"https:\/\/albertadria.com\/shop\/ca\/product\/enigma-descodificant-el-mon-secret-dalbert-adria\/","url":"https:\/\/albertadria.com\/shop\/ca\/product\/enigma-descodificant-el-mon-secret-dalbert-adria\/","name":"Enigma. Descodificant el m\u00f3n secret d'Albert Adri\u00e0 - Albert Adri\u00e0 - Shop","isPartOf":{"@id":"https:\/\/albertadria.com\/shop\/#website"},"primaryImageOfPage":{"@id":"https:\/\/albertadria.com\/shop\/ca\/product\/enigma-descodificant-el-mon-secret-dalbert-adria\/#primaryimage"},"image":{"@id":"https:\/\/albertadria.com\/shop\/ca\/product\/enigma-descodificant-el-mon-secret-dalbert-adria\/#primaryimage"},"thumbnailUrl":"https:\/\/albertadria.com\/shop\/wp-content\/uploads\/sites\/3\/2026\/03\/Enigmaportada_RCR_Neolith.png","datePublished":"2026-03-06T14:38:18+00:00","dateModified":"2026-03-06T14:38:19+00:00","description":"Enigma. Decodificando el mundo secreto de Albert Adri\u00e0 es una publicaci\u00f3n que revela el proceso arquitect\u00f3nico creativo detr\u00e1s de Enigma.","breadcrumb":{"@id":"https:\/\/albertadria.com\/shop\/ca\/product\/enigma-descodificant-el-mon-secret-dalbert-adria\/#breadcrumb"},"inLanguage":"en-US","potentialAction":[{"@type":"ReadAction","target":["https:\/\/albertadria.com\/shop\/ca\/product\/enigma-descodificant-el-mon-secret-dalbert-adria\/"]}]},{"@type":"ImageObject","inLanguage":"en-US","@id":"https:\/\/albertadria.com\/shop\/ca\/product\/enigma-descodificant-el-mon-secret-dalbert-adria\/#primaryimage","url":"https:\/\/albertadria.com\/shop\/wp-content\/uploads\/sites\/3\/2026\/03\/Enigmaportada_RCR_Neolith.png","contentUrl":"https:\/\/albertadria.com\/shop\/wp-content\/uploads\/sites\/3\/2026\/03\/Enigmaportada_RCR_Neolith.png","width":1024,"height":1536},{"@type":"BreadcrumbList","@id":"https:\/\/albertadria.com\/shop\/ca\/product\/enigma-descodificant-el-mon-secret-dalbert-adria\/#breadcrumb","itemListElement":[{"@type":"ListItem","position":1,"name":"Home","item":"https:\/\/albertadria.com\/shop\/"},{"@type":"ListItem","position":2,"name":"Shop","item":"https:\/\/albertadria.com\/shop\/"},{"@type":"ListItem","position":3,"name":"Enigma. Descodificant el m\u00f3n secret d&#8217;Albert Adri\u00e0"}]},{"@type":"WebSite","@id":"https:\/\/albertadria.com\/shop\/#website","url":"https:\/\/albertadria.com\/shop\/","name":"Albert Adri\u00e0 - Shop","description":"","potentialAction":[{"@type":"SearchAction","target":{"@type":"EntryPoint","urlTemplate":"https:\/\/albertadria.com\/shop\/?s={search_term_string}"},"query-input":{"@type":"PropertyValueSpecification","valueRequired":true,"valueName":"search_term_string"}}],"inLanguage":"en-US"}]}},"_links":{"self":[{"href":"https:\/\/albertadria.com\/shop\/wp-json\/wp\/v2\/product\/675","targetHints":{"allow":["GET"]}}],"collection":[{"href":"https:\/\/albertadria.com\/shop\/wp-json\/wp\/v2\/product"}],"about":[{"href":"https:\/\/albertadria.com\/shop\/wp-json\/wp\/v2\/types\/product"}],"wp:featuredmedia":[{"embeddable":true,"href":"https:\/\/albertadria.com\/shop\/wp-json\/wp\/v2\/media\/676"}],"wp:attachment":[{"href":"https:\/\/albertadria.com\/shop\/wp-json\/wp\/v2\/media?parent=675"}],"wp:term":[{"taxonomy":"product_brand","embeddable":true,"href":"https:\/\/albertadria.com\/shop\/wp-json\/wp\/v2\/product_brand?post=675"},{"taxonomy":"product_cat","embeddable":true,"href":"https:\/\/albertadria.com\/shop\/wp-json\/wp\/v2\/product_cat?post=675"},{"taxonomy":"product_tag","embeddable":true,"href":"https:\/\/albertadria.com\/shop\/wp-json\/wp\/v2\/product_tag?post=675"}],"curies":[{"name":"wp","href":"https:\/\/api.w.org\/{rel}","templated":true}]}}