{"id":99,"date":"2023-05-24T13:00:44","date_gmt":"2023-05-24T11:00:44","guid":{"rendered":"https:\/\/albertadria.com\/shop\/?post_type=product&#038;p=99"},"modified":"2023-05-26T14:53:46","modified_gmt":"2023-05-26T12:53:46","slug":"tickets-evolution-2","status":"publish","type":"product","link":"https:\/\/albertadria.com\/shop\/es\/product\/tickets-evolution-2\/","title":{"rendered":"Tickets Evolution"},"content":{"rendered":"<p><strong><em>Tickets Evolution. <\/em><\/strong>En el restaurante Tickets no hay lugar para el aburrimiento, all\u00ed solo cabe la complicidad y la buena compa\u00f1\u00eda. Es m\u00e1s, la diversi\u00f3n como ingrediente imprescindible en la cocina ha marcado el car\u00e1cter del restaurante desde que Albert Adri\u00e0 y los hermanos Iglesias, Pedro, Borja y Juan Carlos, lo abrieran en 2011. En estos a\u00f1os se ha convertido en un referente de la restauraci\u00f3n en Barcelona y su cocina ha evolucionado de manera evidente sin perder un \u00e1pice de frescura y magia. Hoy sus platos han superado con creces el concepto de tapa. As\u00ed que \u00a1esto no es un libro de tapas!<\/p>\n<p>Albert Adri\u00e0 nos invita de nuevo a traspasar las puertas del Tickets, donde el comensal se convertir\u00e1 en int\u00e9rprete de una pel\u00edcula, de un vodevil circense o de una revista de coristas. El \u00e1rbol de fresas con flor de sa\u00faco y kimchi, el p\u00f3rex de Kalix, la gamba marinada a la sal helada, la esponja de azafr\u00e1n con sopa de pan, el pollo can\u00edbal con hueso de yuca o sus propuestas con ostras, como la cocinada a la brasa con t\u00e9 de trompetasde la muerte, son solo una muestra de los casi 100 platos cuyos secretos nos son revelados en este libro.<\/p>\n<p>.<\/p>\n<p>272 p\u00e1ginas<\/p>\n<p>215 x 269 mm<\/p>\n<p>Tapa dura<\/p>\n<p>ISBN: 978-84-90-56871-2<\/p>\n","protected":false},"excerpt":{"rendered":"<p>Tickets Evolution. En el restaurante Tickets no hay lugar para el aburrimiento, all\u00ed solo cabe la complicidad y la buena compa\u00f1\u00eda. Es m\u00e1s, la diversi\u00f3n como ingrediente imprescindible en la cocina ha marcado el car\u00e1cter del restaurante desde que Albert Adri\u00e0 y los hermanos Iglesias, Pedro, Borja y Juan Carlos, lo abrieran en 2011. En [&hellip;]<\/p>\n","protected":false},"featured_media":164,"template":"","meta":{"_acf_changed":false},"product_brand":[],"product_cat":[98],"product_tag":[],"class_list":{"0":"post-99","1":"product","2":"type-product","3":"status-publish","4":"has-post-thumbnail","6":"product_cat-uncategorized-es","8":"first","9":"instock","10":"taxable","11":"shipping-taxable","12":"purchasable","13":"product-type-simple"},"acf":[],"yoast_head":"<!-- This site is optimized with the Yoast SEO plugin v26.3 - https:\/\/yoast.com\/wordpress\/plugins\/seo\/ -->\n<title>Tickets Evolution - Albert Adri\u00e0 - Shop<\/title>\n<meta name=\"description\" content=\"Albert nos invita a traspasar las puertas del Tickets, una muestra de los casi 100 platos cuyos secretos nos son revelados en este libro.\" \/>\n<meta name=\"robots\" content=\"index, follow, max-snippet:-1, max-image-preview:large, max-video-preview:-1\" \/>\n<link rel=\"canonical\" href=\"https:\/\/albertadria.com\/shop\/es\/product\/tickets-evolution-2\/\" \/>\n<meta property=\"og:locale\" content=\"en_US\" \/>\n<meta property=\"og:type\" content=\"article\" \/>\n<meta property=\"og:title\" content=\"Tickets Evolution - Albert Adri\u00e0 - Shop\" \/>\n<meta property=\"og:description\" content=\"Albert nos invita a traspasar las puertas del Tickets, una muestra de los casi 100 platos cuyos secretos nos son revelados en este libro.\" \/>\n<meta property=\"og:url\" content=\"https:\/\/albertadria.com\/shop\/es\/product\/tickets-evolution-2\/\" \/>\n<meta property=\"og:site_name\" content=\"Albert Adri\u00e0 - Shop\" \/>\n<meta property=\"article:modified_time\" content=\"2023-05-26T12:53:46+00:00\" \/>\n<meta property=\"og:image\" content=\"https:\/\/albertadria.com\/shop\/wp-content\/uploads\/sites\/3\/2023\/02\/Frontalticketsevolution.jpg\" \/>\n\t<meta property=\"og:image:width\" content=\"1008\" \/>\n\t<meta property=\"og:image:height\" content=\"1086\" \/>\n\t<meta property=\"og:image:type\" content=\"image\/jpeg\" \/>\n<meta name=\"twitter:card\" content=\"summary_large_image\" \/>\n<meta name=\"twitter:label1\" content=\"Est. reading time\" \/>\n\t<meta name=\"twitter:data1\" content=\"1 minute\" \/>\n<script type=\"application\/ld+json\" class=\"yoast-schema-graph\">{\"@context\":\"https:\/\/schema.org\",\"@graph\":[{\"@type\":\"WebPage\",\"@id\":\"https:\/\/albertadria.com\/shop\/es\/product\/tickets-evolution-2\/\",\"url\":\"https:\/\/albertadria.com\/shop\/es\/product\/tickets-evolution-2\/\",\"name\":\"Tickets Evolution - Albert Adri\u00e0 - Shop\",\"isPartOf\":{\"@id\":\"https:\/\/albertadria.com\/shop\/#website\"},\"primaryImageOfPage\":{\"@id\":\"https:\/\/albertadria.com\/shop\/es\/product\/tickets-evolution-2\/#primaryimage\"},\"image\":{\"@id\":\"https:\/\/albertadria.com\/shop\/es\/product\/tickets-evolution-2\/#primaryimage\"},\"thumbnailUrl\":\"https:\/\/albertadria.com\/shop\/wp-content\/uploads\/sites\/3\/2023\/02\/Frontalticketsevolution.jpg\",\"datePublished\":\"2023-05-24T11:00:44+00:00\",\"dateModified\":\"2023-05-26T12:53:46+00:00\",\"description\":\"Albert nos invita a traspasar las puertas del Tickets, una muestra de los casi 100 platos cuyos secretos nos son revelados en este libro.\",\"breadcrumb\":{\"@id\":\"https:\/\/albertadria.com\/shop\/es\/product\/tickets-evolution-2\/#breadcrumb\"},\"inLanguage\":\"en-US\",\"potentialAction\":[{\"@type\":\"ReadAction\",\"target\":[\"https:\/\/albertadria.com\/shop\/es\/product\/tickets-evolution-2\/\"]}]},{\"@type\":\"ImageObject\",\"inLanguage\":\"en-US\",\"@id\":\"https:\/\/albertadria.com\/shop\/es\/product\/tickets-evolution-2\/#primaryimage\",\"url\":\"https:\/\/albertadria.com\/shop\/wp-content\/uploads\/sites\/3\/2023\/02\/Frontalticketsevolution.jpg\",\"contentUrl\":\"https:\/\/albertadria.com\/shop\/wp-content\/uploads\/sites\/3\/2023\/02\/Frontalticketsevolution.jpg\",\"width\":1008,\"height\":1086},{\"@type\":\"BreadcrumbList\",\"@id\":\"https:\/\/albertadria.com\/shop\/es\/product\/tickets-evolution-2\/#breadcrumb\",\"itemListElement\":[{\"@type\":\"ListItem\",\"position\":1,\"name\":\"Home\",\"item\":\"https:\/\/albertadria.com\/shop\/\"},{\"@type\":\"ListItem\",\"position\":2,\"name\":\"Shop\",\"item\":\"https:\/\/albertadria.com\/shop\/\"},{\"@type\":\"ListItem\",\"position\":3,\"name\":\"Tickets Evolution\"}]},{\"@type\":\"WebSite\",\"@id\":\"https:\/\/albertadria.com\/shop\/#website\",\"url\":\"https:\/\/albertadria.com\/shop\/\",\"name\":\"Albert Adri\u00e0 - Shop\",\"description\":\"\",\"potentialAction\":[{\"@type\":\"SearchAction\",\"target\":{\"@type\":\"EntryPoint\",\"urlTemplate\":\"https:\/\/albertadria.com\/shop\/?s={search_term_string}\"},\"query-input\":{\"@type\":\"PropertyValueSpecification\",\"valueRequired\":true,\"valueName\":\"search_term_string\"}}],\"inLanguage\":\"en-US\"}]}<\/script>\n<!-- \/ Yoast SEO plugin. -->","yoast_head_json":{"title":"Tickets Evolution - Albert Adri\u00e0 - Shop","description":"Albert nos invita a traspasar las puertas del Tickets, una muestra de los casi 100 platos cuyos secretos nos son revelados en este libro.","robots":{"index":"index","follow":"follow","max-snippet":"max-snippet:-1","max-image-preview":"max-image-preview:large","max-video-preview":"max-video-preview:-1"},"canonical":"https:\/\/albertadria.com\/shop\/es\/product\/tickets-evolution-2\/","og_locale":"en_US","og_type":"article","og_title":"Tickets Evolution - Albert Adri\u00e0 - Shop","og_description":"Albert nos invita a traspasar las puertas del Tickets, una muestra de los casi 100 platos cuyos secretos nos son revelados en este libro.","og_url":"https:\/\/albertadria.com\/shop\/es\/product\/tickets-evolution-2\/","og_site_name":"Albert Adri\u00e0 - Shop","article_modified_time":"2023-05-26T12:53:46+00:00","og_image":[{"width":1008,"height":1086,"url":"https:\/\/albertadria.com\/shop\/wp-content\/uploads\/sites\/3\/2023\/02\/Frontalticketsevolution.jpg","type":"image\/jpeg"}],"twitter_card":"summary_large_image","twitter_misc":{"Est. reading time":"1 minute"},"schema":{"@context":"https:\/\/schema.org","@graph":[{"@type":"WebPage","@id":"https:\/\/albertadria.com\/shop\/es\/product\/tickets-evolution-2\/","url":"https:\/\/albertadria.com\/shop\/es\/product\/tickets-evolution-2\/","name":"Tickets Evolution - Albert Adri\u00e0 - Shop","isPartOf":{"@id":"https:\/\/albertadria.com\/shop\/#website"},"primaryImageOfPage":{"@id":"https:\/\/albertadria.com\/shop\/es\/product\/tickets-evolution-2\/#primaryimage"},"image":{"@id":"https:\/\/albertadria.com\/shop\/es\/product\/tickets-evolution-2\/#primaryimage"},"thumbnailUrl":"https:\/\/albertadria.com\/shop\/wp-content\/uploads\/sites\/3\/2023\/02\/Frontalticketsevolution.jpg","datePublished":"2023-05-24T11:00:44+00:00","dateModified":"2023-05-26T12:53:46+00:00","description":"Albert nos invita a traspasar las puertas del Tickets, una muestra de los casi 100 platos cuyos secretos nos son revelados en este libro.","breadcrumb":{"@id":"https:\/\/albertadria.com\/shop\/es\/product\/tickets-evolution-2\/#breadcrumb"},"inLanguage":"en-US","potentialAction":[{"@type":"ReadAction","target":["https:\/\/albertadria.com\/shop\/es\/product\/tickets-evolution-2\/"]}]},{"@type":"ImageObject","inLanguage":"en-US","@id":"https:\/\/albertadria.com\/shop\/es\/product\/tickets-evolution-2\/#primaryimage","url":"https:\/\/albertadria.com\/shop\/wp-content\/uploads\/sites\/3\/2023\/02\/Frontalticketsevolution.jpg","contentUrl":"https:\/\/albertadria.com\/shop\/wp-content\/uploads\/sites\/3\/2023\/02\/Frontalticketsevolution.jpg","width":1008,"height":1086},{"@type":"BreadcrumbList","@id":"https:\/\/albertadria.com\/shop\/es\/product\/tickets-evolution-2\/#breadcrumb","itemListElement":[{"@type":"ListItem","position":1,"name":"Home","item":"https:\/\/albertadria.com\/shop\/"},{"@type":"ListItem","position":2,"name":"Shop","item":"https:\/\/albertadria.com\/shop\/"},{"@type":"ListItem","position":3,"name":"Tickets Evolution"}]},{"@type":"WebSite","@id":"https:\/\/albertadria.com\/shop\/#website","url":"https:\/\/albertadria.com\/shop\/","name":"Albert Adri\u00e0 - Shop","description":"","potentialAction":[{"@type":"SearchAction","target":{"@type":"EntryPoint","urlTemplate":"https:\/\/albertadria.com\/shop\/?s={search_term_string}"},"query-input":{"@type":"PropertyValueSpecification","valueRequired":true,"valueName":"search_term_string"}}],"inLanguage":"en-US"}]}},"_links":{"self":[{"href":"https:\/\/albertadria.com\/shop\/wp-json\/wp\/v2\/product\/99","targetHints":{"allow":["GET"]}}],"collection":[{"href":"https:\/\/albertadria.com\/shop\/wp-json\/wp\/v2\/product"}],"about":[{"href":"https:\/\/albertadria.com\/shop\/wp-json\/wp\/v2\/types\/product"}],"wp:featuredmedia":[{"embeddable":true,"href":"https:\/\/albertadria.com\/shop\/wp-json\/wp\/v2\/media\/164"}],"wp:attachment":[{"href":"https:\/\/albertadria.com\/shop\/wp-json\/wp\/v2\/media?parent=99"}],"wp:term":[{"taxonomy":"product_brand","embeddable":true,"href":"https:\/\/albertadria.com\/shop\/wp-json\/wp\/v2\/product_brand?post=99"},{"taxonomy":"product_cat","embeddable":true,"href":"https:\/\/albertadria.com\/shop\/wp-json\/wp\/v2\/product_cat?post=99"},{"taxonomy":"product_tag","embeddable":true,"href":"https:\/\/albertadria.com\/shop\/wp-json\/wp\/v2\/product_tag?post=99"}],"curies":[{"name":"wp","href":"https:\/\/api.w.org\/{rel}","templated":true}]}}